{"id":11487,"date":"2024-11-03T01:36:58","date_gmt":"2024-11-02T22:36:58","guid":{"rendered":"https:\/\/kervanmagazacilik.com\/?post_type=product&#038;p=11487"},"modified":"2024-11-03T01:36:58","modified_gmt":"2024-11-02T22:36:58","slug":"720brg000009","status":"publish","type":"product","link":"https:\/\/kervanmagazacilik.com\/index.php\/urun\/720brg000009\/","title":{"rendered":"720BRG000009"},"content":{"rendered":"<p>720BRG000009<\/p>\n<p>GL23083-TO MASA LAMBASI 30.5&#215;38.1&#215;76.2cm<\/p>\n<p>Kuru bez ile toz al\u0131nmal\u0131d\u0131r.<\/p>\n","protected":false},"excerpt":{"rendered":"<p>720BRG000009 GL23083-TO MASA LAMBASI 30.5&#215;38.1&#215;76.2cm Kuru bez ile toz al\u0131nmal\u0131d\u0131r.<\/p>\n","protected":false},"featured_media":11488,"template":"","meta":[],"product_brand":[],"product_cat":[177],"product_tag":[2495],"class_list":{"0":"post-11487","1":"product","2":"type-product","3":"status-publish","4":"has-post-thumbnail","6":"product_cat-720brg","7":"product_tag-720brg000009","9":"first","10":"instock","11":"taxable","12":"shipping-taxable","13":"product-type-simple"},"_links":{"self":[{"href":"https:\/\/kervanmagazacilik.com\/index.php\/wp-json\/wp\/v2\/product\/11487","targetHints":{"allow":["GET"]}}],"collection":[{"href":"https:\/\/kervanmagazacilik.com\/index.php\/wp-json\/wp\/v2\/product"}],"about":[{"href":"https:\/\/kervanmagazacilik.com\/index.php\/wp-json\/wp\/v2\/types\/product"}],"wp:featuredmedia":[{"embeddable":true,"href":"https:\/\/kervanmagazacilik.com\/index.php\/wp-json\/wp\/v2\/media\/11488"}],"wp:attachment":[{"href":"https:\/\/kervanmagazacilik.com\/index.php\/wp-json\/wp\/v2\/media?parent=11487"}],"wp:term":[{"taxonomy":"product_brand","embeddable":true,"href":"https:\/\/kervanmagazacilik.com\/index.php\/wp-json\/wp\/v2\/product_brand?post=11487"},{"taxonomy":"product_cat","embeddable":true,"href":"https:\/\/kervanmagazacilik.com\/index.php\/wp-json\/wp\/v2\/product_cat?post=11487"},{"taxonomy":"product_tag","embeddable":true,"href":"https:\/\/kervanmagazacilik.com\/index.php\/wp-json\/wp\/v2\/product_tag?post=11487"}],"curies":[{"name":"wp","href":"https:\/\/api.w.org\/{rel}","templated":true}]}}