{"id":11470,"date":"2024-11-03T01:22:40","date_gmt":"2024-11-02T22:22:40","guid":{"rendered":"https:\/\/kervanmagazacilik.com\/?post_type=product&#038;p=11470"},"modified":"2024-11-03T01:22:40","modified_gmt":"2024-11-02T22:22:40","slug":"720bhr000104","status":"publish","type":"product","link":"https:\/\/kervanmagazacilik.com\/index.php\/urun\/720bhr000104\/","title":{"rendered":"720BHR000104"},"content":{"rendered":"<p>720BHR000104<\/p>\n<p>ATHENA MASA LAMBASI KREM GOLD 50x90cm<\/p>\n<p>\u015eapka \u00f6l\u00e7\u00fcleri;<\/p>\n<p>\u00fcst \u00e7ap: 30cm<br \/>\nalt \u00e7ap:50cm<br \/>\ny\u00fckseklik: 32cm<\/p>\n","protected":false},"excerpt":{"rendered":"<p>720BHR000104 ATHENA MASA LAMBASI KREM GOLD 50x90cm \u015eapka \u00f6l\u00e7\u00fcleri; \u00fcst \u00e7ap: 30cm alt \u00e7ap:50cm y\u00fckseklik: 32cm<\/p>\n","protected":false},"featured_media":11471,"template":"","meta":[],"product_brand":[],"product_cat":[176],"product_tag":[2492],"class_list":{"0":"post-11470","1":"product","2":"type-product","3":"status-publish","4":"has-post-thumbnail","6":"product_cat-720bhr","7":"product_tag-720bhr000104","9":"first","10":"instock","11":"taxable","12":"shipping-taxable","13":"product-type-simple"},"_links":{"self":[{"href":"https:\/\/kervanmagazacilik.com\/index.php\/wp-json\/wp\/v2\/product\/11470","targetHints":{"allow":["GET"]}}],"collection":[{"href":"https:\/\/kervanmagazacilik.com\/index.php\/wp-json\/wp\/v2\/product"}],"about":[{"href":"https:\/\/kervanmagazacilik.com\/index.php\/wp-json\/wp\/v2\/types\/product"}],"wp:featuredmedia":[{"embeddable":true,"href":"https:\/\/kervanmagazacilik.com\/index.php\/wp-json\/wp\/v2\/media\/11471"}],"wp:attachment":[{"href":"https:\/\/kervanmagazacilik.com\/index.php\/wp-json\/wp\/v2\/media?parent=11470"}],"wp:term":[{"taxonomy":"product_brand","embeddable":true,"href":"https:\/\/kervanmagazacilik.com\/index.php\/wp-json\/wp\/v2\/product_brand?post=11470"},{"taxonomy":"product_cat","embeddable":true,"href":"https:\/\/kervanmagazacilik.com\/index.php\/wp-json\/wp\/v2\/product_cat?post=11470"},{"taxonomy":"product_tag","embeddable":true,"href":"https:\/\/kervanmagazacilik.com\/index.php\/wp-json\/wp\/v2\/product_tag?post=11470"}],"curies":[{"name":"wp","href":"https:\/\/api.w.org\/{rel}","templated":true}]}}