{"id":11464,"date":"2024-11-03T01:20:37","date_gmt":"2024-11-02T22:20:37","guid":{"rendered":"https:\/\/kervanmagazacilik.com\/?post_type=product&#038;p=11464"},"modified":"2024-11-03T01:20:37","modified_gmt":"2024-11-02T22:20:37","slug":"720bhr000103","status":"publish","type":"product","link":"https:\/\/kervanmagazacilik.com\/index.php\/urun\/720bhr000103\/","title":{"rendered":"720BHR000103"},"content":{"rendered":"<p>720BHR000103<\/p>\n<p>ATHENA MASA LAMBASI NATURAL 50x90cm<\/p>\n<p>\u015eapka \u00f6l\u00e7\u00fcleri;<\/p>\n<p>\u00fcst \u00e7ap: 30cm<br \/>\nalt \u00e7ap:50cm<br \/>\ny\u00fckseklik: 32cm<\/p>\n","protected":false},"excerpt":{"rendered":"<p>720BHR000103 ATHENA MASA LAMBASI NATURAL 50x90cm \u015eapka \u00f6l\u00e7\u00fcleri; \u00fcst \u00e7ap: 30cm alt \u00e7ap:50cm y\u00fckseklik: 32cm<\/p>\n","protected":false},"featured_media":11466,"template":"","meta":[],"product_brand":[],"product_cat":[176],"product_tag":[2491],"class_list":{"0":"post-11464","1":"product","2":"type-product","3":"status-publish","4":"has-post-thumbnail","6":"product_cat-720bhr","7":"product_tag-720bhr000103","9":"first","10":"instock","11":"taxable","12":"shipping-taxable","13":"product-type-simple"},"_links":{"self":[{"href":"https:\/\/kervanmagazacilik.com\/index.php\/wp-json\/wp\/v2\/product\/11464","targetHints":{"allow":["GET"]}}],"collection":[{"href":"https:\/\/kervanmagazacilik.com\/index.php\/wp-json\/wp\/v2\/product"}],"about":[{"href":"https:\/\/kervanmagazacilik.com\/index.php\/wp-json\/wp\/v2\/types\/product"}],"wp:featuredmedia":[{"embeddable":true,"href":"https:\/\/kervanmagazacilik.com\/index.php\/wp-json\/wp\/v2\/media\/11466"}],"wp:attachment":[{"href":"https:\/\/kervanmagazacilik.com\/index.php\/wp-json\/wp\/v2\/media?parent=11464"}],"wp:term":[{"taxonomy":"product_brand","embeddable":true,"href":"https:\/\/kervanmagazacilik.com\/index.php\/wp-json\/wp\/v2\/product_brand?post=11464"},{"taxonomy":"product_cat","embeddable":true,"href":"https:\/\/kervanmagazacilik.com\/index.php\/wp-json\/wp\/v2\/product_cat?post=11464"},{"taxonomy":"product_tag","embeddable":true,"href":"https:\/\/kervanmagazacilik.com\/index.php\/wp-json\/wp\/v2\/product_tag?post=11464"}],"curies":[{"name":"wp","href":"https:\/\/api.w.org\/{rel}","templated":true}]}}