{"id":11443,"date":"2024-11-03T01:10:05","date_gmt":"2024-11-02T22:10:05","guid":{"rendered":"https:\/\/kervanmagazacilik.com\/?post_type=product&#038;p=11443"},"modified":"2024-11-03T01:10:06","modified_gmt":"2024-11-02T22:10:06","slug":"042004802558","status":"publish","type":"product","link":"https:\/\/kervanmagazacilik.com\/index.php\/urun\/042004802558\/","title":{"rendered":"042004802558"},"content":{"rendered":"<p>042004802558<\/p>\n<p>AMELIYA PIKE TAKIMI 260X270 CK. 3 PRC KREM<\/p>\n<p>Kuma\u015f, %70 PAMUK-%30 POLYESTER<br \/>\nAksesuar, %100 Polyester<br \/>\n30 derece y\u0131kama<br \/>\n\u00c7ama\u015f\u0131r suyu konamaz<br \/>\nKurutma makinesinde kurutulamaz<br \/>\nD\u00fc\u015f\u00fck \u0131s\u0131da \u00fct\u00fclenmelidir<\/p>\n<p>ALT GRUP: P\u0130KE YATAK ODASI<br \/>\nP\u0130KE: 260X270 cm<br \/>\nYASTIK: 50X70 cm (2 ADET)<\/p>\n","protected":false},"excerpt":{"rendered":"<p>042004802558 AMELIYA PIKE TAKIMI 260X270 CK. 3 PRC KREM Kuma\u015f, %70 PAMUK-%30 POLYESTER Aksesuar, %100 Polyester 30 derece y\u0131kama \u00c7ama\u015f\u0131r suyu konamaz Kurutma makinesinde kurutulamaz D\u00fc\u015f\u00fck \u0131s\u0131da \u00fct\u00fclenmelidir ALT GRUP: P\u0130KE YATAK ODASI P\u0130KE: 260X270 cm YASTIK: 50X70 cm (2 ADET)<\/p>\n","protected":false},"featured_media":11444,"template":"","meta":[],"product_brand":[],"product_cat":[2478],"product_tag":[2488],"class_list":{"0":"post-11443","1":"product","2":"type-product","3":"status-publish","4":"has-post-thumbnail","6":"product_cat-2478","7":"product_tag-2488","9":"first","10":"instock","11":"taxable","12":"shipping-taxable","13":"product-type-simple"},"_links":{"self":[{"href":"https:\/\/kervanmagazacilik.com\/index.php\/wp-json\/wp\/v2\/product\/11443","targetHints":{"allow":["GET"]}}],"collection":[{"href":"https:\/\/kervanmagazacilik.com\/index.php\/wp-json\/wp\/v2\/product"}],"about":[{"href":"https:\/\/kervanmagazacilik.com\/index.php\/wp-json\/wp\/v2\/types\/product"}],"wp:featuredmedia":[{"embeddable":true,"href":"https:\/\/kervanmagazacilik.com\/index.php\/wp-json\/wp\/v2\/media\/11444"}],"wp:attachment":[{"href":"https:\/\/kervanmagazacilik.com\/index.php\/wp-json\/wp\/v2\/media?parent=11443"}],"wp:term":[{"taxonomy":"product_brand","embeddable":true,"href":"https:\/\/kervanmagazacilik.com\/index.php\/wp-json\/wp\/v2\/product_brand?post=11443"},{"taxonomy":"product_cat","embeddable":true,"href":"https:\/\/kervanmagazacilik.com\/index.php\/wp-json\/wp\/v2\/product_cat?post=11443"},{"taxonomy":"product_tag","embeddable":true,"href":"https:\/\/kervanmagazacilik.com\/index.php\/wp-json\/wp\/v2\/product_tag?post=11443"}],"curies":[{"name":"wp","href":"https:\/\/api.w.org\/{rel}","templated":true}]}}