{"id":11434,"date":"2024-11-03T01:04:52","date_gmt":"2024-11-02T22:04:52","guid":{"rendered":"https:\/\/kervanmagazacilik.com\/?post_type=product&#038;p=11434"},"modified":"2024-11-03T01:04:52","modified_gmt":"2024-11-02T22:04:52","slug":"042004800861","status":"publish","type":"product","link":"https:\/\/kervanmagazacilik.com\/index.php\/urun\/042004800861\/","title":{"rendered":"042004800861"},"content":{"rendered":"<p>042004800861<\/p>\n<p>COTTY P\u0130KE TAKIMI BEJ TK 170x250cm 2 PRC<\/p>\n<p>Kuma\u015f, %100 Polyester<br \/>\nAksesuar, %100 Polyester<br \/>\n30 derece narin y\u0131kama<br \/>\n\u00c7ama\u015f\u0131r suyu konamaz<br \/>\nKurutma makinesinde kurutulamaz<br \/>\nD\u00fc\u015f\u00fck \u0131s\u0131da \u00fct\u00fclenmelidir<\/p>\n<p>P\u0130KE: 170X250 CM<br \/>\nYASTIK: 50X70 CM (2 ADET)<\/p>\n","protected":false},"excerpt":{"rendered":"<p>042004800861 COTTY P\u0130KE TAKIMI BEJ TK 170x250cm 2 PRC Kuma\u015f, %100 Polyester Aksesuar, %100 Polyester 30 derece narin y\u0131kama \u00c7ama\u015f\u0131r suyu konamaz Kurutma makinesinde kurutulamaz D\u00fc\u015f\u00fck \u0131s\u0131da \u00fct\u00fclenmelidir P\u0130KE: 170X250 CM YASTIK: 50X70 CM (2 ADET)<\/p>\n","protected":false},"featured_media":11436,"template":"","meta":[],"product_brand":[],"product_cat":[2478],"product_tag":[2486],"class_list":{"0":"post-11434","1":"product","2":"type-product","3":"status-publish","4":"has-post-thumbnail","6":"product_cat-2478","7":"product_tag-2486","9":"first","10":"instock","11":"taxable","12":"shipping-taxable","13":"product-type-simple"},"_links":{"self":[{"href":"https:\/\/kervanmagazacilik.com\/index.php\/wp-json\/wp\/v2\/product\/11434","targetHints":{"allow":["GET"]}}],"collection":[{"href":"https:\/\/kervanmagazacilik.com\/index.php\/wp-json\/wp\/v2\/product"}],"about":[{"href":"https:\/\/kervanmagazacilik.com\/index.php\/wp-json\/wp\/v2\/types\/product"}],"wp:featuredmedia":[{"embeddable":true,"href":"https:\/\/kervanmagazacilik.com\/index.php\/wp-json\/wp\/v2\/media\/11436"}],"wp:attachment":[{"href":"https:\/\/kervanmagazacilik.com\/index.php\/wp-json\/wp\/v2\/media?parent=11434"}],"wp:term":[{"taxonomy":"product_brand","embeddable":true,"href":"https:\/\/kervanmagazacilik.com\/index.php\/wp-json\/wp\/v2\/product_brand?post=11434"},{"taxonomy":"product_cat","embeddable":true,"href":"https:\/\/kervanmagazacilik.com\/index.php\/wp-json\/wp\/v2\/product_cat?post=11434"},{"taxonomy":"product_tag","embeddable":true,"href":"https:\/\/kervanmagazacilik.com\/index.php\/wp-json\/wp\/v2\/product_tag?post=11434"}],"curies":[{"name":"wp","href":"https:\/\/api.w.org\/{rel}","templated":true}]}}