{"id":11399,"date":"2024-11-03T00:42:52","date_gmt":"2024-11-02T21:42:52","guid":{"rendered":"https:\/\/kervanmagazacilik.com\/?post_type=product&#038;p=11399"},"modified":"2024-11-03T00:42:52","modified_gmt":"2024-11-02T21:42:52","slug":"042004800835","status":"publish","type":"product","link":"https:\/\/kervanmagazacilik.com\/index.php\/urun\/042004800835\/","title":{"rendered":"042004800835"},"content":{"rendered":"<p>042004800835<\/p>\n<p>PALMIRA 2 PIKE BEYAZ 270x270cm 4 PRC<\/p>\n<p>K\u0131sa Ad :<br \/>\n\u00d6zel Not :<br \/>\nUzun Not :<\/p>\n<p>A\u00e7yklama10 : BAKINIZ YIKAMA TAL\u0130MATI<\/p>\n","protected":false},"excerpt":{"rendered":"<p>042004800835 PALMIRA 2 PIKE BEYAZ 270x270cm 4 PRC K\u0131sa Ad : \u00d6zel Not : Uzun Not : A\u00e7yklama10 : BAKINIZ YIKAMA TAL\u0130MATI<\/p>\n","protected":false},"featured_media":11400,"template":"","meta":[],"product_brand":[],"product_cat":[2478],"product_tag":[2480],"class_list":{"0":"post-11399","1":"product","2":"type-product","3":"status-publish","4":"has-post-thumbnail","6":"product_cat-2478","7":"product_tag-2480","9":"first","10":"instock","11":"taxable","12":"shipping-taxable","13":"product-type-simple"},"_links":{"self":[{"href":"https:\/\/kervanmagazacilik.com\/index.php\/wp-json\/wp\/v2\/product\/11399","targetHints":{"allow":["GET"]}}],"collection":[{"href":"https:\/\/kervanmagazacilik.com\/index.php\/wp-json\/wp\/v2\/product"}],"about":[{"href":"https:\/\/kervanmagazacilik.com\/index.php\/wp-json\/wp\/v2\/types\/product"}],"wp:featuredmedia":[{"embeddable":true,"href":"https:\/\/kervanmagazacilik.com\/index.php\/wp-json\/wp\/v2\/media\/11400"}],"wp:attachment":[{"href":"https:\/\/kervanmagazacilik.com\/index.php\/wp-json\/wp\/v2\/media?parent=11399"}],"wp:term":[{"taxonomy":"product_brand","embeddable":true,"href":"https:\/\/kervanmagazacilik.com\/index.php\/wp-json\/wp\/v2\/product_brand?post=11399"},{"taxonomy":"product_cat","embeddable":true,"href":"https:\/\/kervanmagazacilik.com\/index.php\/wp-json\/wp\/v2\/product_cat?post=11399"},{"taxonomy":"product_tag","embeddable":true,"href":"https:\/\/kervanmagazacilik.com\/index.php\/wp-json\/wp\/v2\/product_tag?post=11399"}],"curies":[{"name":"wp","href":"https:\/\/api.w.org\/{rel}","templated":true}]}}