{"id":11296,"date":"2024-11-02T00:19:53","date_gmt":"2024-11-01T21:19:53","guid":{"rendered":"https:\/\/kervanmagazacilik.com\/?post_type=product&#038;p=11296"},"modified":"2024-11-02T00:19:53","modified_gmt":"2024-11-01T21:19:53","slug":"002uck000035","status":"publish","type":"product","link":"https:\/\/kervanmagazacilik.com\/index.php\/urun\/002uck000035\/","title":{"rendered":"002UCK000035"},"content":{"rendered":"<p>002UCK000035<\/p>\n<p>V\u0130NA NEVRES\u0130M TAKIMI TK.160x220cm 4 PRC (RNF)<\/p>\n<p>Kuma\u015f; %100 Pamuk<br \/>\n30 derece narin y\u0131kama<br \/>\n\u00c7ama\u015f\u0131r suyu konamaz<br \/>\nKurutma makinesinde kurutulamaz<br \/>\nD\u00fc\u015f\u00fck \u0131s\u0131da \u00fct\u00fclenmelidir<\/p>\n<p>RANFORCE KUMA\u015eTAN \u00dcRET\u0130LM\u0130\u015eT\u0130R, P\u0130GMENT BASKIDIR<\/p>\n<p>1 AD NEVRES\u0130M : 160&#215;220 CM<br \/>\n1 AD \u00c7AR\u015eAF : 180&#215;240 CM<br \/>\n2 AD UYKU YASTIK : 50X70 CM<\/p>\n","protected":false},"excerpt":{"rendered":"<p>002UCK000035 V\u0130NA NEVRES\u0130M TAKIMI TK.160x220cm 4 PRC (RNF) Kuma\u015f; %100 Pamuk 30 derece narin y\u0131kama \u00c7ama\u015f\u0131r suyu konamaz Kurutma makinesinde kurutulamaz D\u00fc\u015f\u00fck \u0131s\u0131da \u00fct\u00fclenmelidir RANFORCE KUMA\u015eTAN \u00dcRET\u0130LM\u0130\u015eT\u0130R, P\u0130GMENT BASKIDIR 1 AD NEVRES\u0130M : 160&#215;220 CM 1 AD \u00c7AR\u015eAF : 180&#215;240 CM 2 AD UYKU YASTIK : 50X70 CM<\/p>\n","protected":false},"featured_media":11297,"template":"","meta":[],"product_brand":[],"product_cat":[2086],"product_tag":[2458],"class_list":{"0":"post-11296","1":"product","2":"type-product","3":"status-publish","4":"has-post-thumbnail","6":"product_cat-002uck","7":"product_tag-002uck000035","9":"first","10":"instock","11":"taxable","12":"shipping-taxable","13":"product-type-simple"},"_links":{"self":[{"href":"https:\/\/kervanmagazacilik.com\/index.php\/wp-json\/wp\/v2\/product\/11296","targetHints":{"allow":["GET"]}}],"collection":[{"href":"https:\/\/kervanmagazacilik.com\/index.php\/wp-json\/wp\/v2\/product"}],"about":[{"href":"https:\/\/kervanmagazacilik.com\/index.php\/wp-json\/wp\/v2\/types\/product"}],"wp:featuredmedia":[{"embeddable":true,"href":"https:\/\/kervanmagazacilik.com\/index.php\/wp-json\/wp\/v2\/media\/11297"}],"wp:attachment":[{"href":"https:\/\/kervanmagazacilik.com\/index.php\/wp-json\/wp\/v2\/media?parent=11296"}],"wp:term":[{"taxonomy":"product_brand","embeddable":true,"href":"https:\/\/kervanmagazacilik.com\/index.php\/wp-json\/wp\/v2\/product_brand?post=11296"},{"taxonomy":"product_cat","embeddable":true,"href":"https:\/\/kervanmagazacilik.com\/index.php\/wp-json\/wp\/v2\/product_cat?post=11296"},{"taxonomy":"product_tag","embeddable":true,"href":"https:\/\/kervanmagazacilik.com\/index.php\/wp-json\/wp\/v2\/product_tag?post=11296"}],"curies":[{"name":"wp","href":"https:\/\/api.w.org\/{rel}","templated":true}]}}