{"id":11258,"date":"2024-11-01T23:20:06","date_gmt":"2024-11-01T20:20:06","guid":{"rendered":"https:\/\/kervanmagazacilik.com\/?post_type=product&#038;p=11258"},"modified":"2024-11-01T23:20:06","modified_gmt":"2024-11-01T20:20:06","slug":"002uck000020","status":"publish","type":"product","link":"https:\/\/kervanmagazacilik.com\/index.php\/urun\/002uck000020\/","title":{"rendered":"002UCK000020"},"content":{"rendered":"<p>002UCK000020<\/p>\n<p>NORA NEVRES\u0130M CK.200x220cm 6 PRC (P.S)<\/p>\n<p>Kuma\u015f; %100 Pamuk<br \/>\n30 derece narin y\u0131kama<br \/>\n\u00c7ama\u015f\u0131r suyu konamaz<br \/>\nKurutma makinesinde kurutulamaz<br \/>\nD\u00fc\u015f\u00fck \u0131s\u0131da \u00fct\u00fclenmelidir<\/p>\n<p>PAMUK SATEN KUMA\u015eTAN \u00dcRET\u0130LM\u0130\u015eT\u0130R D\u0130J\u0130TAL BASKIDIR<\/p>\n<p>1 AD NEVRES\u0130M 200x220CM<br \/>\n1 AD \u00c7AR\u015eAF : 240x260CM<br \/>\n2 AD UYKU YASTIK 50X70 CM<br \/>\n2 AD OXFORD YASTIK 50X70 CM<\/p>\n","protected":false},"excerpt":{"rendered":"<p>002UCK000020 NORA NEVRES\u0130M CK.200x220cm 6 PRC (P.S) Kuma\u015f; %100 Pamuk 30 derece narin y\u0131kama \u00c7ama\u015f\u0131r suyu konamaz Kurutma makinesinde kurutulamaz D\u00fc\u015f\u00fck \u0131s\u0131da \u00fct\u00fclenmelidir PAMUK SATEN KUMA\u015eTAN \u00dcRET\u0130LM\u0130\u015eT\u0130R D\u0130J\u0130TAL BASKIDIR 1 AD NEVRES\u0130M 200x220CM 1 AD \u00c7AR\u015eAF : 240x260CM 2 AD UYKU YASTIK 50X70 CM 2 AD OXFORD YASTIK 50X70 CM<\/p>\n","protected":false},"featured_media":11259,"template":"","meta":[],"product_brand":[],"product_cat":[2086],"product_tag":[2443],"class_list":{"0":"post-11258","1":"product","2":"type-product","3":"status-publish","4":"has-post-thumbnail","6":"product_cat-002uck","7":"product_tag-002uck000020","9":"first","10":"instock","11":"taxable","12":"shipping-taxable","13":"product-type-simple"},"_links":{"self":[{"href":"https:\/\/kervanmagazacilik.com\/index.php\/wp-json\/wp\/v2\/product\/11258","targetHints":{"allow":["GET"]}}],"collection":[{"href":"https:\/\/kervanmagazacilik.com\/index.php\/wp-json\/wp\/v2\/product"}],"about":[{"href":"https:\/\/kervanmagazacilik.com\/index.php\/wp-json\/wp\/v2\/types\/product"}],"wp:featuredmedia":[{"embeddable":true,"href":"https:\/\/kervanmagazacilik.com\/index.php\/wp-json\/wp\/v2\/media\/11259"}],"wp:attachment":[{"href":"https:\/\/kervanmagazacilik.com\/index.php\/wp-json\/wp\/v2\/media?parent=11258"}],"wp:term":[{"taxonomy":"product_brand","embeddable":true,"href":"https:\/\/kervanmagazacilik.com\/index.php\/wp-json\/wp\/v2\/product_brand?post=11258"},{"taxonomy":"product_cat","embeddable":true,"href":"https:\/\/kervanmagazacilik.com\/index.php\/wp-json\/wp\/v2\/product_cat?post=11258"},{"taxonomy":"product_tag","embeddable":true,"href":"https:\/\/kervanmagazacilik.com\/index.php\/wp-json\/wp\/v2\/product_tag?post=11258"}],"curies":[{"name":"wp","href":"https:\/\/api.w.org\/{rel}","templated":true}]}}