{"id":1125,"date":"2024-08-20T17:12:08","date_gmt":"2024-08-20T14:12:08","guid":{"rendered":"https:\/\/kervanmagazacilik.com\/?post_type=product&#038;p=1125"},"modified":"2024-08-20T17:12:09","modified_gmt":"2024-08-20T14:12:09","slug":"611artf00233-2","status":"publish","type":"product","link":"https:\/\/kervanmagazacilik.com\/index.php\/urun\/611artf00233-2\/","title":{"rendered":"611ARTF00233"},"content":{"rendered":"<p>611ARTF00233<\/p>\n<p>ARCH\u0130TRAVE KAP\u0130TONEL\u0130 SANDALYE<\/p>\n<p>69x62x104cm 277206-2608<\/p>\n","protected":false},"excerpt":{"rendered":"<p>611ARTF00233 ARCH\u0130TRAVE KAP\u0130TONEL\u0130 SANDALYE 69x62x104cm 277206-2608<\/p>\n","protected":false},"featured_media":1131,"template":"","meta":[],"product_brand":[],"product_cat":[41],"product_tag":[357],"class_list":{"0":"post-1125","1":"product","2":"type-product","3":"status-publish","4":"has-post-thumbnail","6":"product_cat-611artf","7":"product_tag-611artf00233","9":"first","10":"instock","11":"taxable","12":"shipping-taxable","13":"product-type-simple"},"_links":{"self":[{"href":"https:\/\/kervanmagazacilik.com\/index.php\/wp-json\/wp\/v2\/product\/1125","targetHints":{"allow":["GET"]}}],"collection":[{"href":"https:\/\/kervanmagazacilik.com\/index.php\/wp-json\/wp\/v2\/product"}],"about":[{"href":"https:\/\/kervanmagazacilik.com\/index.php\/wp-json\/wp\/v2\/types\/product"}],"wp:featuredmedia":[{"embeddable":true,"href":"https:\/\/kervanmagazacilik.com\/index.php\/wp-json\/wp\/v2\/media\/1131"}],"wp:attachment":[{"href":"https:\/\/kervanmagazacilik.com\/index.php\/wp-json\/wp\/v2\/media?parent=1125"}],"wp:term":[{"taxonomy":"product_brand","embeddable":true,"href":"https:\/\/kervanmagazacilik.com\/index.php\/wp-json\/wp\/v2\/product_brand?post=1125"},{"taxonomy":"product_cat","embeddable":true,"href":"https:\/\/kervanmagazacilik.com\/index.php\/wp-json\/wp\/v2\/product_cat?post=1125"},{"taxonomy":"product_tag","embeddable":true,"href":"https:\/\/kervanmagazacilik.com\/index.php\/wp-json\/wp\/v2\/product_tag?post=1125"}],"curies":[{"name":"wp","href":"https:\/\/api.w.org\/{rel}","templated":true}]}}