{"id":11062,"date":"2024-10-29T16:23:23","date_gmt":"2024-10-29T13:23:23","guid":{"rendered":"https:\/\/kervanmagazacilik.com\/?post_type=product&#038;p=11062"},"modified":"2024-10-29T16:23:24","modified_gmt":"2024-10-29T13:23:24","slug":"720bhr000022","status":"publish","type":"product","link":"https:\/\/kervanmagazacilik.com\/index.php\/urun\/720bhr000022\/","title":{"rendered":"720BHR000022"},"content":{"rendered":"<p>720BHR000022<\/p>\n<p>BH-10 MASA LAMBASI KREM ESKITME 35x72cm<\/p>\n<p>Kuru yumu\u015fak bez ile toz al\u0131nmal\u0131d\u0131r.<\/p>\n","protected":false},"excerpt":{"rendered":"<p>720BHR000022 BH-10 MASA LAMBASI KREM ESKITME 35x72cm Kuru yumu\u015fak bez ile toz al\u0131nmal\u0131d\u0131r.<\/p>\n","protected":false},"featured_media":11063,"template":"","meta":[],"product_brand":[],"product_cat":[177],"product_tag":[2388],"class_list":{"0":"post-11062","1":"product","2":"type-product","3":"status-publish","4":"has-post-thumbnail","6":"product_cat-720brg","7":"product_tag-720bhr000022","9":"first","10":"instock","11":"taxable","12":"shipping-taxable","13":"product-type-simple"},"_links":{"self":[{"href":"https:\/\/kervanmagazacilik.com\/index.php\/wp-json\/wp\/v2\/product\/11062","targetHints":{"allow":["GET"]}}],"collection":[{"href":"https:\/\/kervanmagazacilik.com\/index.php\/wp-json\/wp\/v2\/product"}],"about":[{"href":"https:\/\/kervanmagazacilik.com\/index.php\/wp-json\/wp\/v2\/types\/product"}],"wp:featuredmedia":[{"embeddable":true,"href":"https:\/\/kervanmagazacilik.com\/index.php\/wp-json\/wp\/v2\/media\/11063"}],"wp:attachment":[{"href":"https:\/\/kervanmagazacilik.com\/index.php\/wp-json\/wp\/v2\/media?parent=11062"}],"wp:term":[{"taxonomy":"product_brand","embeddable":true,"href":"https:\/\/kervanmagazacilik.com\/index.php\/wp-json\/wp\/v2\/product_brand?post=11062"},{"taxonomy":"product_cat","embeddable":true,"href":"https:\/\/kervanmagazacilik.com\/index.php\/wp-json\/wp\/v2\/product_cat?post=11062"},{"taxonomy":"product_tag","embeddable":true,"href":"https:\/\/kervanmagazacilik.com\/index.php\/wp-json\/wp\/v2\/product_tag?post=11062"}],"curies":[{"name":"wp","href":"https:\/\/api.w.org\/{rel}","templated":true}]}}