{"id":11058,"date":"2024-10-29T16:09:47","date_gmt":"2024-10-29T13:09:47","guid":{"rendered":"https:\/\/kervanmagazacilik.com\/?post_type=product&#038;p=11058"},"modified":"2024-10-29T16:09:47","modified_gmt":"2024-10-29T13:09:47","slug":"720bhr000021","status":"publish","type":"product","link":"https:\/\/kervanmagazacilik.com\/index.php\/urun\/720bhr000021\/","title":{"rendered":"720BHR000021"},"content":{"rendered":"<p>720BHR000021<\/p>\n<p>ADALET HEYKELI MASA LAMBASI 50cm<\/p>\n<p>Kuru yumu\u015fak bez ile toz al\u0131nmal\u0131d\u0131r.<\/p>\n","protected":false},"excerpt":{"rendered":"<p>720BHR000021 ADALET HEYKELI MASA LAMBASI 50cm Kuru yumu\u015fak bez ile toz al\u0131nmal\u0131d\u0131r.<\/p>\n","protected":false},"featured_media":11059,"template":"","meta":[],"product_brand":[],"product_cat":[176],"product_tag":[2387],"class_list":{"0":"post-11058","1":"product","2":"type-product","3":"status-publish","4":"has-post-thumbnail","6":"product_cat-720bhr","7":"product_tag-720bhr000021","9":"first","10":"instock","11":"taxable","12":"shipping-taxable","13":"product-type-simple"},"_links":{"self":[{"href":"https:\/\/kervanmagazacilik.com\/index.php\/wp-json\/wp\/v2\/product\/11058","targetHints":{"allow":["GET"]}}],"collection":[{"href":"https:\/\/kervanmagazacilik.com\/index.php\/wp-json\/wp\/v2\/product"}],"about":[{"href":"https:\/\/kervanmagazacilik.com\/index.php\/wp-json\/wp\/v2\/types\/product"}],"wp:featuredmedia":[{"embeddable":true,"href":"https:\/\/kervanmagazacilik.com\/index.php\/wp-json\/wp\/v2\/media\/11059"}],"wp:attachment":[{"href":"https:\/\/kervanmagazacilik.com\/index.php\/wp-json\/wp\/v2\/media?parent=11058"}],"wp:term":[{"taxonomy":"product_brand","embeddable":true,"href":"https:\/\/kervanmagazacilik.com\/index.php\/wp-json\/wp\/v2\/product_brand?post=11058"},{"taxonomy":"product_cat","embeddable":true,"href":"https:\/\/kervanmagazacilik.com\/index.php\/wp-json\/wp\/v2\/product_cat?post=11058"},{"taxonomy":"product_tag","embeddable":true,"href":"https:\/\/kervanmagazacilik.com\/index.php\/wp-json\/wp\/v2\/product_tag?post=11058"}],"curies":[{"name":"wp","href":"https:\/\/api.w.org\/{rel}","templated":true}]}}