{"id":10948,"date":"2024-10-29T12:29:52","date_gmt":"2024-10-29T09:29:52","guid":{"rendered":"https:\/\/kervanmagazacilik.com\/?post_type=product&#038;p=10948"},"modified":"2026-03-26T15:37:00","modified_gmt":"2026-03-26T12:37:00","slug":"720arp000015","status":"publish","type":"product","link":"https:\/\/kervanmagazacilik.com\/index.php\/urun\/720arp000015\/","title":{"rendered":"720ARP000015"},"content":{"rendered":"<p>720ARP000015<\/p>\n<p>HYK1092 YAPRAK DESENL\u0130 ABAJUR 45X80 CM GOLD<\/p>\n<p>MALZEME: POLYESTER<br \/>\n\u00d6l\u00e7\u00fcler +\/- 5 cm de\u011fi\u015fkenlik g\u00f6sterebilir<\/p>\n<p>KURU BEZ ILE TOZ ALINMALIDIR.<\/p>\n","protected":false},"excerpt":{"rendered":"<p>720ARP000015 HYK1092 YAPRAK DESENL\u0130 ABAJUR 45X80 CM GOLD MALZEME: POLYESTER \u00d6l\u00e7\u00fcler +\/- 5 cm de\u011fi\u015fkenlik g\u00f6sterebilir KURU BEZ ILE TOZ ALINMALIDIR.<\/p>\n","protected":false},"featured_media":36745,"template":"","meta":[],"product_brand":[],"product_cat":[175],"product_tag":[2360],"class_list":{"0":"post-10948","1":"product","2":"type-product","3":"status-publish","4":"has-post-thumbnail","6":"product_cat-720arp","7":"product_tag-720arp000015","9":"first","10":"instock","11":"taxable","12":"shipping-taxable","13":"product-type-simple"},"_links":{"self":[{"href":"https:\/\/kervanmagazacilik.com\/index.php\/wp-json\/wp\/v2\/product\/10948","targetHints":{"allow":["GET"]}}],"collection":[{"href":"https:\/\/kervanmagazacilik.com\/index.php\/wp-json\/wp\/v2\/product"}],"about":[{"href":"https:\/\/kervanmagazacilik.com\/index.php\/wp-json\/wp\/v2\/types\/product"}],"wp:featuredmedia":[{"embeddable":true,"href":"https:\/\/kervanmagazacilik.com\/index.php\/wp-json\/wp\/v2\/media\/36745"}],"wp:attachment":[{"href":"https:\/\/kervanmagazacilik.com\/index.php\/wp-json\/wp\/v2\/media?parent=10948"}],"wp:term":[{"taxonomy":"product_brand","embeddable":true,"href":"https:\/\/kervanmagazacilik.com\/index.php\/wp-json\/wp\/v2\/product_brand?post=10948"},{"taxonomy":"product_cat","embeddable":true,"href":"https:\/\/kervanmagazacilik.com\/index.php\/wp-json\/wp\/v2\/product_cat?post=10948"},{"taxonomy":"product_tag","embeddable":true,"href":"https:\/\/kervanmagazacilik.com\/index.php\/wp-json\/wp\/v2\/product_tag?post=10948"}],"curies":[{"name":"wp","href":"https:\/\/api.w.org\/{rel}","templated":true}]}}