{"id":10938,"date":"2024-10-29T12:26:19","date_gmt":"2024-10-29T09:26:19","guid":{"rendered":"https:\/\/kervanmagazacilik.com\/?post_type=product&#038;p=10938"},"modified":"2024-10-29T12:26:20","modified_gmt":"2024-10-29T09:26:20","slug":"720arp000011","status":"publish","type":"product","link":"https:\/\/kervanmagazacilik.com\/index.php\/urun\/720arp000011\/","title":{"rendered":"720ARP000011"},"content":{"rendered":"<p>720ARP000011<\/p>\n<p>HYK895 BUYUK SAHLANAN AT ABAJUR 52x82cm<\/p>\n<p>\u00d6l\u00e7\u00fcler +\/- 5 cm de\u011fi\u015fkenlik g\u00f6sterebilir<\/p>\n<p>KURU BEZ \u0130LE TOZ ALINMALIDIR<\/p>\n","protected":false},"excerpt":{"rendered":"<p>720ARP000011 HYK895 BUYUK SAHLANAN AT ABAJUR 52x82cm \u00d6l\u00e7\u00fcler +\/- 5 cm de\u011fi\u015fkenlik g\u00f6sterebilir KURU BEZ \u0130LE TOZ ALINMALIDIR<\/p>\n","protected":false},"featured_media":10939,"template":"","meta":[],"product_brand":[],"product_cat":[175],"product_tag":[2358],"class_list":{"0":"post-10938","1":"product","2":"type-product","3":"status-publish","4":"has-post-thumbnail","6":"product_cat-720arp","7":"product_tag-720arp000011","9":"first","10":"instock","11":"taxable","12":"shipping-taxable","13":"product-type-simple"},"_links":{"self":[{"href":"https:\/\/kervanmagazacilik.com\/index.php\/wp-json\/wp\/v2\/product\/10938","targetHints":{"allow":["GET"]}}],"collection":[{"href":"https:\/\/kervanmagazacilik.com\/index.php\/wp-json\/wp\/v2\/product"}],"about":[{"href":"https:\/\/kervanmagazacilik.com\/index.php\/wp-json\/wp\/v2\/types\/product"}],"wp:featuredmedia":[{"embeddable":true,"href":"https:\/\/kervanmagazacilik.com\/index.php\/wp-json\/wp\/v2\/media\/10939"}],"wp:attachment":[{"href":"https:\/\/kervanmagazacilik.com\/index.php\/wp-json\/wp\/v2\/media?parent=10938"}],"wp:term":[{"taxonomy":"product_brand","embeddable":true,"href":"https:\/\/kervanmagazacilik.com\/index.php\/wp-json\/wp\/v2\/product_brand?post=10938"},{"taxonomy":"product_cat","embeddable":true,"href":"https:\/\/kervanmagazacilik.com\/index.php\/wp-json\/wp\/v2\/product_cat?post=10938"},{"taxonomy":"product_tag","embeddable":true,"href":"https:\/\/kervanmagazacilik.com\/index.php\/wp-json\/wp\/v2\/product_tag?post=10938"}],"curies":[{"name":"wp","href":"https:\/\/api.w.org\/{rel}","templated":true}]}}