{"id":10934,"date":"2024-10-29T12:24:45","date_gmt":"2024-10-29T09:24:45","guid":{"rendered":"https:\/\/kervanmagazacilik.com\/?post_type=product&#038;p=10934"},"modified":"2024-10-29T12:24:45","modified_gmt":"2024-10-29T09:24:45","slug":"720arp000010","status":"publish","type":"product","link":"https:\/\/kervanmagazacilik.com\/index.php\/urun\/720arp000010\/","title":{"rendered":"720ARP000010"},"content":{"rendered":"<p>720ARP000010<\/p>\n<p>UST USTE UC NESELI FIL ABAJUR 44x64cm HYK795<\/p>\n<p>\u00d6l\u00e7\u00fcler +\/- 5 cm de\u011fi\u015fkenlik g\u00f6sterebilir<\/p>\n<p>KURU BEZ \u0130LE TOZ ALINMALIDIR<\/p>\n<p>F\u0130L BOYU:22&#215;34 cm<\/p>\n","protected":false},"excerpt":{"rendered":"<p>720ARP000010 UST USTE UC NESELI FIL ABAJUR 44x64cm HYK795 \u00d6l\u00e7\u00fcler +\/- 5 cm de\u011fi\u015fkenlik g\u00f6sterebilir KURU BEZ \u0130LE TOZ ALINMALIDIR F\u0130L BOYU:22&#215;34 cm<\/p>\n","protected":false},"featured_media":10935,"template":"","meta":[],"product_brand":[],"product_cat":[175],"product_tag":[2357],"class_list":{"0":"post-10934","1":"product","2":"type-product","3":"status-publish","4":"has-post-thumbnail","6":"product_cat-720arp","7":"product_tag-720arp000010","9":"first","10":"instock","11":"taxable","12":"shipping-taxable","13":"product-type-simple"},"_links":{"self":[{"href":"https:\/\/kervanmagazacilik.com\/index.php\/wp-json\/wp\/v2\/product\/10934","targetHints":{"allow":["GET"]}}],"collection":[{"href":"https:\/\/kervanmagazacilik.com\/index.php\/wp-json\/wp\/v2\/product"}],"about":[{"href":"https:\/\/kervanmagazacilik.com\/index.php\/wp-json\/wp\/v2\/types\/product"}],"wp:featuredmedia":[{"embeddable":true,"href":"https:\/\/kervanmagazacilik.com\/index.php\/wp-json\/wp\/v2\/media\/10935"}],"wp:attachment":[{"href":"https:\/\/kervanmagazacilik.com\/index.php\/wp-json\/wp\/v2\/media?parent=10934"}],"wp:term":[{"taxonomy":"product_brand","embeddable":true,"href":"https:\/\/kervanmagazacilik.com\/index.php\/wp-json\/wp\/v2\/product_brand?post=10934"},{"taxonomy":"product_cat","embeddable":true,"href":"https:\/\/kervanmagazacilik.com\/index.php\/wp-json\/wp\/v2\/product_cat?post=10934"},{"taxonomy":"product_tag","embeddable":true,"href":"https:\/\/kervanmagazacilik.com\/index.php\/wp-json\/wp\/v2\/product_tag?post=10934"}],"curies":[{"name":"wp","href":"https:\/\/api.w.org\/{rel}","templated":true}]}}