{"id":1093,"date":"2024-08-20T16:56:40","date_gmt":"2024-08-20T13:56:40","guid":{"rendered":"https:\/\/kervanmagazacilik.com\/?post_type=product&#038;p=1093"},"modified":"2024-08-20T16:56:40","modified_gmt":"2024-08-20T13:56:40","slug":"611artf00256-2","status":"publish","type":"product","link":"https:\/\/kervanmagazacilik.com\/index.php\/urun\/611artf00256-2\/","title":{"rendered":"611ARTF00256"},"content":{"rendered":"<p>611ARTF00256<\/p>\n<p>TRAFALGAR YATAK KAHVE<\/p>\n<p>210x223x162cm 315126-2303FB-HB-RS<\/p>\n<p>KOMOD\u0130N : 56x85x78cm<\/p>\n<p>Yatak i\u00e7in i\u00e7 yatak \u00f6l\u00e7\u00fcs\u00fc 193 x 203 cm&#8217;dir.<\/p>\n","protected":false},"excerpt":{"rendered":"<p>611ARTF00256 TRAFALGAR YATAK KAHVE 210x223x162cm 315126-2303FB-HB-RS KOMOD\u0130N : 56x85x78cm Yatak i\u00e7in i\u00e7 yatak \u00f6l\u00e7\u00fcs\u00fc 193 x 203 cm&#8217;dir.<\/p>\n","protected":false},"featured_media":1094,"template":"","meta":[],"product_brand":[],"product_cat":[41],"product_tag":[364],"class_list":{"0":"post-1093","1":"product","2":"type-product","3":"status-publish","4":"has-post-thumbnail","6":"product_cat-611artf","7":"product_tag-611artf00256","9":"first","10":"instock","11":"taxable","12":"shipping-taxable","13":"product-type-simple"},"_links":{"self":[{"href":"https:\/\/kervanmagazacilik.com\/index.php\/wp-json\/wp\/v2\/product\/1093","targetHints":{"allow":["GET"]}}],"collection":[{"href":"https:\/\/kervanmagazacilik.com\/index.php\/wp-json\/wp\/v2\/product"}],"about":[{"href":"https:\/\/kervanmagazacilik.com\/index.php\/wp-json\/wp\/v2\/types\/product"}],"wp:featuredmedia":[{"embeddable":true,"href":"https:\/\/kervanmagazacilik.com\/index.php\/wp-json\/wp\/v2\/media\/1094"}],"wp:attachment":[{"href":"https:\/\/kervanmagazacilik.com\/index.php\/wp-json\/wp\/v2\/media?parent=1093"}],"wp:term":[{"taxonomy":"product_brand","embeddable":true,"href":"https:\/\/kervanmagazacilik.com\/index.php\/wp-json\/wp\/v2\/product_brand?post=1093"},{"taxonomy":"product_cat","embeddable":true,"href":"https:\/\/kervanmagazacilik.com\/index.php\/wp-json\/wp\/v2\/product_cat?post=1093"},{"taxonomy":"product_tag","embeddable":true,"href":"https:\/\/kervanmagazacilik.com\/index.php\/wp-json\/wp\/v2\/product_tag?post=1093"}],"curies":[{"name":"wp","href":"https:\/\/api.w.org\/{rel}","templated":true}]}}