{"id":10890,"date":"2024-10-28T23:54:42","date_gmt":"2024-10-28T20:54:42","guid":{"rendered":"https:\/\/kervanmagazacilik.com\/?post_type=product&#038;p=10890"},"modified":"2024-10-28T23:54:42","modified_gmt":"2024-10-28T20:54:42","slug":"720alt000034","status":"publish","type":"product","link":"https:\/\/kervanmagazacilik.com\/index.php\/urun\/720alt000034\/","title":{"rendered":"720ALT000034"},"content":{"rendered":"<p>720ALT000034<\/p>\n<p>771-53 KUBBEL\u0130 CAMLI AV\u0130ZE 53cm ANT\u0130K<\/p>\n<p>Kuru bez ile toz al\u0131nmal\u0131d\u0131r.<\/p>\n<p>&nbsp;<\/p>\n<p>&nbsp;<\/p>\n","protected":false},"excerpt":{"rendered":"<p>720ALT000034 771-53 KUBBEL\u0130 CAMLI AV\u0130ZE 53cm ANT\u0130K Kuru bez ile toz al\u0131nmal\u0131d\u0131r. &nbsp; &nbsp;<\/p>\n","protected":false},"featured_media":10891,"template":"","meta":[],"product_brand":[],"product_cat":[174],"product_tag":[2348],"class_list":{"0":"post-10890","1":"product","2":"type-product","3":"status-publish","4":"has-post-thumbnail","6":"product_cat-720alt","7":"product_tag-720alt000034","9":"first","10":"instock","11":"taxable","12":"shipping-taxable","13":"product-type-simple"},"_links":{"self":[{"href":"https:\/\/kervanmagazacilik.com\/index.php\/wp-json\/wp\/v2\/product\/10890","targetHints":{"allow":["GET"]}}],"collection":[{"href":"https:\/\/kervanmagazacilik.com\/index.php\/wp-json\/wp\/v2\/product"}],"about":[{"href":"https:\/\/kervanmagazacilik.com\/index.php\/wp-json\/wp\/v2\/types\/product"}],"wp:featuredmedia":[{"embeddable":true,"href":"https:\/\/kervanmagazacilik.com\/index.php\/wp-json\/wp\/v2\/media\/10891"}],"wp:attachment":[{"href":"https:\/\/kervanmagazacilik.com\/index.php\/wp-json\/wp\/v2\/media?parent=10890"}],"wp:term":[{"taxonomy":"product_brand","embeddable":true,"href":"https:\/\/kervanmagazacilik.com\/index.php\/wp-json\/wp\/v2\/product_brand?post=10890"},{"taxonomy":"product_cat","embeddable":true,"href":"https:\/\/kervanmagazacilik.com\/index.php\/wp-json\/wp\/v2\/product_cat?post=10890"},{"taxonomy":"product_tag","embeddable":true,"href":"https:\/\/kervanmagazacilik.com\/index.php\/wp-json\/wp\/v2\/product_tag?post=10890"}],"curies":[{"name":"wp","href":"https:\/\/api.w.org\/{rel}","templated":true}]}}