{"id":10820,"date":"2024-10-28T21:35:05","date_gmt":"2024-10-28T18:35:05","guid":{"rendered":"https:\/\/kervanmagazacilik.com\/?post_type=product&#038;p=10820"},"modified":"2024-10-28T21:35:05","modified_gmt":"2024-10-28T18:35:05","slug":"720alt000011","status":"publish","type":"product","link":"https:\/\/kervanmagazacilik.com\/index.php\/urun\/720alt000011\/","title":{"rendered":"720ALT000011"},"content":{"rendered":"<p>720ALT000011<\/p>\n<p>(688-8MU) 8 KOLLU MASA UZERI TASLI AVIZE 95x45x110cm<\/p>\n<p>Kuru bez ile toz al\u0131nmal\u0131d\u0131r.<\/p>\n","protected":false},"excerpt":{"rendered":"<p>720ALT000011 (688-8MU) 8 KOLLU MASA UZERI TASLI AVIZE 95x45x110cm Kuru bez ile toz al\u0131nmal\u0131d\u0131r.<\/p>\n","protected":false},"featured_media":10821,"template":"","meta":[],"product_brand":[],"product_cat":[174],"product_tag":[2327],"class_list":{"0":"post-10820","1":"product","2":"type-product","3":"status-publish","4":"has-post-thumbnail","6":"product_cat-720alt","7":"product_tag-720alt000011","9":"first","10":"instock","11":"taxable","12":"shipping-taxable","13":"product-type-simple"},"_links":{"self":[{"href":"https:\/\/kervanmagazacilik.com\/index.php\/wp-json\/wp\/v2\/product\/10820","targetHints":{"allow":["GET"]}}],"collection":[{"href":"https:\/\/kervanmagazacilik.com\/index.php\/wp-json\/wp\/v2\/product"}],"about":[{"href":"https:\/\/kervanmagazacilik.com\/index.php\/wp-json\/wp\/v2\/types\/product"}],"wp:featuredmedia":[{"embeddable":true,"href":"https:\/\/kervanmagazacilik.com\/index.php\/wp-json\/wp\/v2\/media\/10821"}],"wp:attachment":[{"href":"https:\/\/kervanmagazacilik.com\/index.php\/wp-json\/wp\/v2\/media?parent=10820"}],"wp:term":[{"taxonomy":"product_brand","embeddable":true,"href":"https:\/\/kervanmagazacilik.com\/index.php\/wp-json\/wp\/v2\/product_brand?post=10820"},{"taxonomy":"product_cat","embeddable":true,"href":"https:\/\/kervanmagazacilik.com\/index.php\/wp-json\/wp\/v2\/product_cat?post=10820"},{"taxonomy":"product_tag","embeddable":true,"href":"https:\/\/kervanmagazacilik.com\/index.php\/wp-json\/wp\/v2\/product_tag?post=10820"}],"curies":[{"name":"wp","href":"https:\/\/api.w.org\/{rel}","templated":true}]}}