{"id":10794,"date":"2024-10-28T20:14:03","date_gmt":"2024-10-28T17:14:03","guid":{"rendered":"https:\/\/kervanmagazacilik.com\/?post_type=product&#038;p=10794"},"modified":"2024-10-28T20:35:27","modified_gmt":"2024-10-28T17:35:27","slug":"720alt000002","status":"publish","type":"product","link":"https:\/\/kervanmagazacilik.com\/index.php\/urun\/720alt000002\/","title":{"rendered":"720ALT000002"},"content":{"rendered":"<p>720ALT000002<\/p>\n<p>AL-288 AVIZE 8 KOLLU 65x85cm<\/p>\n<p>Kuru bez ile toz al\u0131nmal\u0131d\u0131r.<\/p>\n<p>&nbsp;<\/p>\n","protected":false},"excerpt":{"rendered":"<p>720ALT000002 AL-288 AVIZE 8 KOLLU 65x85cm Kuru bez ile toz al\u0131nmal\u0131d\u0131r. &nbsp;<\/p>\n","protected":false},"featured_media":10805,"template":"","meta":[],"product_brand":[],"product_cat":[174],"product_tag":[2318],"class_list":{"0":"post-10794","1":"product","2":"type-product","3":"status-publish","4":"has-post-thumbnail","6":"product_cat-720alt","7":"product_tag-720alt000002","9":"first","10":"instock","11":"taxable","12":"shipping-taxable","13":"product-type-simple"},"_links":{"self":[{"href":"https:\/\/kervanmagazacilik.com\/index.php\/wp-json\/wp\/v2\/product\/10794","targetHints":{"allow":["GET"]}}],"collection":[{"href":"https:\/\/kervanmagazacilik.com\/index.php\/wp-json\/wp\/v2\/product"}],"about":[{"href":"https:\/\/kervanmagazacilik.com\/index.php\/wp-json\/wp\/v2\/types\/product"}],"wp:featuredmedia":[{"embeddable":true,"href":"https:\/\/kervanmagazacilik.com\/index.php\/wp-json\/wp\/v2\/media\/10805"}],"wp:attachment":[{"href":"https:\/\/kervanmagazacilik.com\/index.php\/wp-json\/wp\/v2\/media?parent=10794"}],"wp:term":[{"taxonomy":"product_brand","embeddable":true,"href":"https:\/\/kervanmagazacilik.com\/index.php\/wp-json\/wp\/v2\/product_brand?post=10794"},{"taxonomy":"product_cat","embeddable":true,"href":"https:\/\/kervanmagazacilik.com\/index.php\/wp-json\/wp\/v2\/product_cat?post=10794"},{"taxonomy":"product_tag","embeddable":true,"href":"https:\/\/kervanmagazacilik.com\/index.php\/wp-json\/wp\/v2\/product_tag?post=10794"}],"curies":[{"name":"wp","href":"https:\/\/api.w.org\/{rel}","templated":true}]}}