{"id":10781,"date":"2024-10-28T05:12:14","date_gmt":"2024-10-28T02:12:14","guid":{"rendered":"https:\/\/kervanmagazacilik.com\/?post_type=product&#038;p=10781"},"modified":"2024-10-28T05:12:14","modified_gmt":"2024-10-28T02:12:14","slug":"673mar000001","status":"publish","type":"product","link":"https:\/\/kervanmagazacilik.com\/index.php\/urun\/673mar000001\/","title":{"rendered":"673MAR000001"},"content":{"rendered":"<p>673MAR000001<\/p>\n<p>ELI BELINDE MOTIFI 2 LI KAHVE FINCAN SETI<\/p>\n<p>Martius markas\u0131 taraf\u0131ndan, Kervan i\u00e7in tasarlanm\u0131\u015f ve \u00fcfleme cam ustalar\u0131 taraf\u0131ndan tek tek elde \u00fcretilmi\u015f ve boyanm\u0131\u015ft\u0131r.<br \/>\nY\u00fczy\u0131llar \u00f6nce Anadolu topraklar\u0131ndan do\u011fmu\u015f olan \u2019 Eli belinde Motifi \u2018 bereket,anal\u0131k,do\u011furganl\u0131k,k\u0131smet,mutluluk ve ne\u015fenin sembol\u00fc olmu\u015ftur.<br \/>\nModern form tasar\u0131m\u0131 ve el i\u015f\u00e7ili\u011fini bir araya getirerek bu k\u00fclt\u00fcrel miras\u0131 evlerinize ta\u015f\u0131yoruz.\u00c7ay \/ kahve saatlerinize zarafeti yans\u0131tmak \u00fczere koleksiyonunuza sanatsal bir par\u00e7a ekliyoruz.<\/p>\n","protected":false},"excerpt":{"rendered":"<p>673MAR000001 ELI BELINDE MOTIFI 2 LI KAHVE FINCAN SETI Martius markas\u0131 taraf\u0131ndan, Kervan i\u00e7in tasarlanm\u0131\u015f ve \u00fcfleme cam ustalar\u0131 taraf\u0131ndan tek tek elde \u00fcretilmi\u015f ve boyanm\u0131\u015ft\u0131r. Y\u00fczy\u0131llar \u00f6nce Anadolu topraklar\u0131ndan do\u011fmu\u015f olan \u2019 Eli belinde Motifi \u2018 bereket,anal\u0131k,do\u011furganl\u0131k,k\u0131smet,mutluluk ve ne\u015fenin sembol\u00fc olmu\u015ftur. Modern form tasar\u0131m\u0131 ve el i\u015f\u00e7ili\u011fini bir araya getirerek bu k\u00fclt\u00fcrel miras\u0131 evlerinize [&hellip;]<\/p>\n","protected":false},"featured_media":10782,"template":"","meta":[],"product_brand":[],"product_cat":[2313],"product_tag":[2314],"class_list":{"0":"post-10781","1":"product","2":"type-product","3":"status-publish","4":"has-post-thumbnail","6":"product_cat-673mar","7":"product_tag-673mar000001","9":"first","10":"instock","11":"taxable","12":"shipping-taxable","13":"product-type-simple"},"_links":{"self":[{"href":"https:\/\/kervanmagazacilik.com\/index.php\/wp-json\/wp\/v2\/product\/10781","targetHints":{"allow":["GET"]}}],"collection":[{"href":"https:\/\/kervanmagazacilik.com\/index.php\/wp-json\/wp\/v2\/product"}],"about":[{"href":"https:\/\/kervanmagazacilik.com\/index.php\/wp-json\/wp\/v2\/types\/product"}],"wp:featuredmedia":[{"embeddable":true,"href":"https:\/\/kervanmagazacilik.com\/index.php\/wp-json\/wp\/v2\/media\/10782"}],"wp:attachment":[{"href":"https:\/\/kervanmagazacilik.com\/index.php\/wp-json\/wp\/v2\/media?parent=10781"}],"wp:term":[{"taxonomy":"product_brand","embeddable":true,"href":"https:\/\/kervanmagazacilik.com\/index.php\/wp-json\/wp\/v2\/product_brand?post=10781"},{"taxonomy":"product_cat","embeddable":true,"href":"https:\/\/kervanmagazacilik.com\/index.php\/wp-json\/wp\/v2\/product_cat?post=10781"},{"taxonomy":"product_tag","embeddable":true,"href":"https:\/\/kervanmagazacilik.com\/index.php\/wp-json\/wp\/v2\/product_tag?post=10781"}],"curies":[{"name":"wp","href":"https:\/\/api.w.org\/{rel}","templated":true}]}}