{"id":1062,"date":"2024-08-20T13:36:09","date_gmt":"2024-08-20T10:36:09","guid":{"rendered":"https:\/\/kervanmagazacilik.com\/?post_type=product&#038;p=1062"},"modified":"2024-08-20T13:36:10","modified_gmt":"2024-08-20T10:36:10","slug":"611artf00268-2","status":"publish","type":"product","link":"https:\/\/kervanmagazacilik.com\/index.php\/urun\/611artf00268-2\/","title":{"rendered":"611ARTF00268"},"content":{"rendered":"<p>611ARTF00268<\/p>\n<p>STARL\u0130TE \u015e\u0130FONYER 5 \u00c7EKMECE<\/p>\n<p>50x105x147cm 416150-3146<\/p>\n","protected":false},"excerpt":{"rendered":"<p>611ARTF00268 STARL\u0130TE \u015e\u0130FONYER 5 \u00c7EKMECE 50x105x147cm 416150-3146<\/p>\n","protected":false},"featured_media":1066,"template":"","meta":[],"product_brand":[],"product_cat":[41],"product_tag":[372],"class_list":{"0":"post-1062","1":"product","2":"type-product","3":"status-publish","4":"has-post-thumbnail","6":"product_cat-611artf","7":"product_tag-611artf00268","9":"first","10":"instock","11":"taxable","12":"shipping-taxable","13":"product-type-simple"},"_links":{"self":[{"href":"https:\/\/kervanmagazacilik.com\/index.php\/wp-json\/wp\/v2\/product\/1062","targetHints":{"allow":["GET"]}}],"collection":[{"href":"https:\/\/kervanmagazacilik.com\/index.php\/wp-json\/wp\/v2\/product"}],"about":[{"href":"https:\/\/kervanmagazacilik.com\/index.php\/wp-json\/wp\/v2\/types\/product"}],"wp:featuredmedia":[{"embeddable":true,"href":"https:\/\/kervanmagazacilik.com\/index.php\/wp-json\/wp\/v2\/media\/1066"}],"wp:attachment":[{"href":"https:\/\/kervanmagazacilik.com\/index.php\/wp-json\/wp\/v2\/media?parent=1062"}],"wp:term":[{"taxonomy":"product_brand","embeddable":true,"href":"https:\/\/kervanmagazacilik.com\/index.php\/wp-json\/wp\/v2\/product_brand?post=1062"},{"taxonomy":"product_cat","embeddable":true,"href":"https:\/\/kervanmagazacilik.com\/index.php\/wp-json\/wp\/v2\/product_cat?post=1062"},{"taxonomy":"product_tag","embeddable":true,"href":"https:\/\/kervanmagazacilik.com\/index.php\/wp-json\/wp\/v2\/product_tag?post=1062"}],"curies":[{"name":"wp","href":"https:\/\/api.w.org\/{rel}","templated":true}]}}