{"id":10532,"date":"2024-10-28T03:03:10","date_gmt":"2024-10-28T00:03:10","guid":{"rendered":"https:\/\/kervanmagazacilik.com\/?post_type=product&#038;p=10532"},"modified":"2024-10-28T03:03:10","modified_gmt":"2024-10-28T00:03:10","slug":"671por000038","status":"publish","type":"product","link":"https:\/\/kervanmagazacilik.com\/index.php\/urun\/671por000038\/","title":{"rendered":"671POR000038"},"content":{"rendered":"<p>671POR000038<\/p>\n<p>ARMES 48 PRC. YEMEK TAKIMI<\/p>\n<p>48 Par\u00e7a Yemek Tak\u0131m\u0131 : 6 adet servis taba\u011f\u0131 + 6 adet yemek taba\u011f\u0131 + 6 adet \u00e7orba kasesi + 6 adet pasta taba\u011f\u0131 + 4 adet re\u00e7ellik + 2 adet zeytinlik + 6 adet peynir taba\u011f\u0131 + 6 adet \u00e7ay taba\u011f\u0131 + 2 adet kay\u0131k tabak + 4 adet k\u00fc\u00e7\u00fck kay\u0131k tabaktan olu\u015fmaktad\u0131r. Desenler, digital bask\u0131 ile edinilmi\u015ftir . Madde: Stoneware (Do\u011fal kaynak, temiz ve sa\u011fl\u0131\u011fa uygun hammaddelerden \u00fcretilen, sert, porozitesi d\u00fc\u015f\u00fck ve sa\u011fl\u0131kl\u0131 bir \u00fcr\u00fcnd\u00fcr.) Mikrodalga f\u0131r\u0131nda, bula\u015f\u0131k makinesinde ve buzdolab\u0131nda rahatl\u0131kla kullan\u0131labilir.<\/p>\n<p>6 adet servis taba\u011f\u0131 25 cm<br \/>\n6 adet yemek taba\u011f\u0131 20 cm<br \/>\n6 adet pasta taba\u011f\u0131 20 cm<br \/>\n6 adet kase 14 cm<br \/>\n4 adet re\u00e7ellik 10 cm<br \/>\n2 adet zeytinlik 19 cm<br \/>\n6 adet peynir taba\u011f\u0131 13 cm<br \/>\n6 adet \u00e7ay taba\u011f\u0131 12 cm<br \/>\n2 adet 19&#215;13 cm kay\u0131k tabak<br \/>\n4 adet 15 cm kay\u0131k tabak<\/p>\n","protected":false},"excerpt":{"rendered":"<p>671POR000038 ARMES 48 PRC. YEMEK TAKIMI 48 Par\u00e7a Yemek Tak\u0131m\u0131 : 6 adet servis taba\u011f\u0131 + 6 adet yemek taba\u011f\u0131 + 6 adet \u00e7orba kasesi + 6 adet pasta taba\u011f\u0131 + 4 adet re\u00e7ellik + 2 adet zeytinlik + 6 adet peynir taba\u011f\u0131 + 6 adet \u00e7ay taba\u011f\u0131 + 2 adet kay\u0131k tabak + 4 [&hellip;]<\/p>\n","protected":false},"featured_media":10533,"template":"","meta":[],"product_brand":[],"product_cat":[169],"product_tag":[2276],"class_list":{"0":"post-10532","1":"product","2":"type-product","3":"status-publish","4":"has-post-thumbnail","6":"product_cat-671por","7":"product_tag-671por000038","9":"first","10":"instock","11":"taxable","12":"shipping-taxable","13":"product-type-simple"},"_links":{"self":[{"href":"https:\/\/kervanmagazacilik.com\/index.php\/wp-json\/wp\/v2\/product\/10532","targetHints":{"allow":["GET"]}}],"collection":[{"href":"https:\/\/kervanmagazacilik.com\/index.php\/wp-json\/wp\/v2\/product"}],"about":[{"href":"https:\/\/kervanmagazacilik.com\/index.php\/wp-json\/wp\/v2\/types\/product"}],"wp:featuredmedia":[{"embeddable":true,"href":"https:\/\/kervanmagazacilik.com\/index.php\/wp-json\/wp\/v2\/media\/10533"}],"wp:attachment":[{"href":"https:\/\/kervanmagazacilik.com\/index.php\/wp-json\/wp\/v2\/media?parent=10532"}],"wp:term":[{"taxonomy":"product_brand","embeddable":true,"href":"https:\/\/kervanmagazacilik.com\/index.php\/wp-json\/wp\/v2\/product_brand?post=10532"},{"taxonomy":"product_cat","embeddable":true,"href":"https:\/\/kervanmagazacilik.com\/index.php\/wp-json\/wp\/v2\/product_cat?post=10532"},{"taxonomy":"product_tag","embeddable":true,"href":"https:\/\/kervanmagazacilik.com\/index.php\/wp-json\/wp\/v2\/product_tag?post=10532"}],"curies":[{"name":"wp","href":"https:\/\/api.w.org\/{rel}","templated":true}]}}