{"id":10516,"date":"2024-10-28T02:46:09","date_gmt":"2024-10-27T23:46:09","guid":{"rendered":"https:\/\/kervanmagazacilik.com\/?post_type=product&#038;p=10516"},"modified":"2024-10-28T02:46:09","modified_gmt":"2024-10-27T23:46:09","slug":"671por000037","status":"publish","type":"product","link":"https:\/\/kervanmagazacilik.com\/index.php\/urun\/671por000037\/","title":{"rendered":"671POR000037"},"content":{"rendered":"<p>671POR000037<\/p>\n<p>VELSA 24 PRC. YEMEK TAKIMI<\/p>\n<p>24 Par\u00e7a Yemek Tak\u0131m\u0131 : 6 adet servis taba\u011f\u0131 + 6 adet yemek taba\u011f\u0131 + 6 adet \u00e7orba kasesi + 6 adet pasta taba\u011f\u0131ndan olu\u015fmaktad\u0131r.<br \/>\nDesenler, digital bask\u0131 ile edinilmi\u015ftir .<br \/>\nMadde: Stoneware (Do\u011fal kaynak, temiz ve sa\u011fl\u0131\u011fa uygun hammaddelerden \u00fcretilen, sert, porozitesi d\u00fc\u015f\u00fck ve sa\u011fl\u0131kl\u0131 bir \u00fcr\u00fcnd\u00fcr.)<br \/>\nMikrodalga f\u0131r\u0131nda, bula\u015f\u0131k makinesinde ve buzdolab\u0131nda rahatl\u0131kla kullan\u0131labilir.<\/p>\n<p>6 adet servis taba\u011f\u0131 27 cm<br \/>\n6 adet yemek taba\u011f\u0131 20 cm<br \/>\n6 adet pasta taba\u011f\u0131 21 cm<br \/>\n6 adet kase 16 cm<\/p>\n","protected":false},"excerpt":{"rendered":"<p>671POR000037 VELSA 24 PRC. YEMEK TAKIMI 24 Par\u00e7a Yemek Tak\u0131m\u0131 : 6 adet servis taba\u011f\u0131 + 6 adet yemek taba\u011f\u0131 + 6 adet \u00e7orba kasesi + 6 adet pasta taba\u011f\u0131ndan olu\u015fmaktad\u0131r. Desenler, digital bask\u0131 ile edinilmi\u015ftir . Madde: Stoneware (Do\u011fal kaynak, temiz ve sa\u011fl\u0131\u011fa uygun hammaddelerden \u00fcretilen, sert, porozitesi d\u00fc\u015f\u00fck ve sa\u011fl\u0131kl\u0131 bir \u00fcr\u00fcnd\u00fcr.) Mikrodalga [&hellip;]<\/p>\n","protected":false},"featured_media":10525,"template":"","meta":[],"product_brand":[],"product_cat":[169],"product_tag":[2275],"class_list":{"0":"post-10516","1":"product","2":"type-product","3":"status-publish","4":"has-post-thumbnail","6":"product_cat-671por","7":"product_tag-671por000037","9":"first","10":"instock","11":"taxable","12":"shipping-taxable","13":"product-type-simple"},"_links":{"self":[{"href":"https:\/\/kervanmagazacilik.com\/index.php\/wp-json\/wp\/v2\/product\/10516","targetHints":{"allow":["GET"]}}],"collection":[{"href":"https:\/\/kervanmagazacilik.com\/index.php\/wp-json\/wp\/v2\/product"}],"about":[{"href":"https:\/\/kervanmagazacilik.com\/index.php\/wp-json\/wp\/v2\/types\/product"}],"wp:featuredmedia":[{"embeddable":true,"href":"https:\/\/kervanmagazacilik.com\/index.php\/wp-json\/wp\/v2\/media\/10525"}],"wp:attachment":[{"href":"https:\/\/kervanmagazacilik.com\/index.php\/wp-json\/wp\/v2\/media?parent=10516"}],"wp:term":[{"taxonomy":"product_brand","embeddable":true,"href":"https:\/\/kervanmagazacilik.com\/index.php\/wp-json\/wp\/v2\/product_brand?post=10516"},{"taxonomy":"product_cat","embeddable":true,"href":"https:\/\/kervanmagazacilik.com\/index.php\/wp-json\/wp\/v2\/product_cat?post=10516"},{"taxonomy":"product_tag","embeddable":true,"href":"https:\/\/kervanmagazacilik.com\/index.php\/wp-json\/wp\/v2\/product_tag?post=10516"}],"curies":[{"name":"wp","href":"https:\/\/api.w.org\/{rel}","templated":true}]}}