{"id":10464,"date":"2024-10-28T01:38:16","date_gmt":"2024-10-27T22:38:16","guid":{"rendered":"https:\/\/kervanmagazacilik.com\/?post_type=product&#038;p=10464"},"modified":"2024-10-28T01:38:16","modified_gmt":"2024-10-27T22:38:16","slug":"671por000008","status":"publish","type":"product","link":"https:\/\/kervanmagazacilik.com\/index.php\/urun\/671por000008\/","title":{"rendered":"671POR000008"},"content":{"rendered":"<p>671POR000008<\/p>\n<p>PARROT 24 PRC.YEMEK TAKIMI<\/p>\n<p>24 Par\u00e7a Yemek Tak\u0131m\u0131 -6 Servis-6 Yemek Taba\u011f\u0131-6 \u00c7orba Kasesi-6 Pasta Taba\u011f\u0131ndan Olu\u015fur.<br \/>\nDesenler Digital Bask\u0131 \u0130le Edinilmi\u015ftir .<br \/>\nMadde: Stoneware (Do\u011fal Kaynak, Temiz Ve Sa\u011fl\u0131\u011fa Uygun Hammaddelerden \u00dcretilen, Sert, Porozitesi D\u00fc\u015f\u00fck Ve Sa\u011fl\u0131kl\u0131 Bir \u00dcr\u00fcnd\u00fcr.)<br \/>\nMikrodalga F\u0131r\u0131nda, Bula\u015f\u0131k Makinesinde Ve Buzdolab\u0131nda Rahatl\u0131kla Kullan\u0131labilir.<\/p>\n<p>&nbsp;<\/p>\n<p>&nbsp;<\/p>\n","protected":false},"excerpt":{"rendered":"<p>671POR000008 PARROT 24 PRC.YEMEK TAKIMI 24 Par\u00e7a Yemek Tak\u0131m\u0131 -6 Servis-6 Yemek Taba\u011f\u0131-6 \u00c7orba Kasesi-6 Pasta Taba\u011f\u0131ndan Olu\u015fur. Desenler Digital Bask\u0131 \u0130le Edinilmi\u015ftir . Madde: Stoneware (Do\u011fal Kaynak, Temiz Ve Sa\u011fl\u0131\u011fa Uygun Hammaddelerden \u00dcretilen, Sert, Porozitesi D\u00fc\u015f\u00fck Ve Sa\u011fl\u0131kl\u0131 Bir \u00dcr\u00fcnd\u00fcr.) Mikrodalga F\u0131r\u0131nda, Bula\u015f\u0131k Makinesinde Ve Buzdolab\u0131nda Rahatl\u0131kla Kullan\u0131labilir. &nbsp; &nbsp;<\/p>\n","protected":false},"featured_media":10465,"template":"","meta":[],"product_brand":[],"product_cat":[169],"product_tag":[2269],"class_list":{"0":"post-10464","1":"product","2":"type-product","3":"status-publish","4":"has-post-thumbnail","6":"product_cat-671por","7":"product_tag-671por000008","9":"first","10":"instock","11":"taxable","12":"shipping-taxable","13":"product-type-simple"},"_links":{"self":[{"href":"https:\/\/kervanmagazacilik.com\/index.php\/wp-json\/wp\/v2\/product\/10464","targetHints":{"allow":["GET"]}}],"collection":[{"href":"https:\/\/kervanmagazacilik.com\/index.php\/wp-json\/wp\/v2\/product"}],"about":[{"href":"https:\/\/kervanmagazacilik.com\/index.php\/wp-json\/wp\/v2\/types\/product"}],"wp:featuredmedia":[{"embeddable":true,"href":"https:\/\/kervanmagazacilik.com\/index.php\/wp-json\/wp\/v2\/media\/10465"}],"wp:attachment":[{"href":"https:\/\/kervanmagazacilik.com\/index.php\/wp-json\/wp\/v2\/media?parent=10464"}],"wp:term":[{"taxonomy":"product_brand","embeddable":true,"href":"https:\/\/kervanmagazacilik.com\/index.php\/wp-json\/wp\/v2\/product_brand?post=10464"},{"taxonomy":"product_cat","embeddable":true,"href":"https:\/\/kervanmagazacilik.com\/index.php\/wp-json\/wp\/v2\/product_cat?post=10464"},{"taxonomy":"product_tag","embeddable":true,"href":"https:\/\/kervanmagazacilik.com\/index.php\/wp-json\/wp\/v2\/product_tag?post=10464"}],"curies":[{"name":"wp","href":"https:\/\/api.w.org\/{rel}","templated":true}]}}