{"id":10437,"date":"2024-10-28T01:06:10","date_gmt":"2024-10-27T22:06:10","guid":{"rendered":"https:\/\/kervanmagazacilik.com\/?post_type=product&#038;p=10437"},"modified":"2024-10-28T01:07:49","modified_gmt":"2024-10-27T22:07:49","slug":"671add000060","status":"publish","type":"product","link":"https:\/\/kervanmagazacilik.com\/index.php\/urun\/671add000060\/","title":{"rendered":"671ADD000060"},"content":{"rendered":"<p>671ADD000060<\/p>\n<p>FOCUS TABAK PEMBE 28&#215;2.2cm(5649)<\/p>\n<p>Bula\u015f\u0131k makinas\u0131nda y\u0131kanmamal\u0131d\u0131r.<br \/>\nElde yumu\u015fak bir s\u00fcnger ve \u0131l\u0131k su ile temizlenmelidir.<\/p>\n","protected":false},"excerpt":{"rendered":"<p>671ADD000060 FOCUS TABAK PEMBE 28&#215;2.2cm(5649) Bula\u015f\u0131k makinas\u0131nda y\u0131kanmamal\u0131d\u0131r. Elde yumu\u015fak bir s\u00fcnger ve \u0131l\u0131k su ile temizlenmelidir.<\/p>\n","protected":false},"featured_media":10442,"template":"","meta":[],"product_brand":[],"product_cat":[167],"product_tag":[2263],"class_list":{"0":"post-10437","1":"product","2":"type-product","3":"status-publish","4":"has-post-thumbnail","6":"product_cat-671add","7":"product_tag-671add000060","9":"first","10":"instock","11":"taxable","12":"shipping-taxable","13":"product-type-simple"},"_links":{"self":[{"href":"https:\/\/kervanmagazacilik.com\/index.php\/wp-json\/wp\/v2\/product\/10437","targetHints":{"allow":["GET"]}}],"collection":[{"href":"https:\/\/kervanmagazacilik.com\/index.php\/wp-json\/wp\/v2\/product"}],"about":[{"href":"https:\/\/kervanmagazacilik.com\/index.php\/wp-json\/wp\/v2\/types\/product"}],"wp:featuredmedia":[{"embeddable":true,"href":"https:\/\/kervanmagazacilik.com\/index.php\/wp-json\/wp\/v2\/media\/10442"}],"wp:attachment":[{"href":"https:\/\/kervanmagazacilik.com\/index.php\/wp-json\/wp\/v2\/media?parent=10437"}],"wp:term":[{"taxonomy":"product_brand","embeddable":true,"href":"https:\/\/kervanmagazacilik.com\/index.php\/wp-json\/wp\/v2\/product_brand?post=10437"},{"taxonomy":"product_cat","embeddable":true,"href":"https:\/\/kervanmagazacilik.com\/index.php\/wp-json\/wp\/v2\/product_cat?post=10437"},{"taxonomy":"product_tag","embeddable":true,"href":"https:\/\/kervanmagazacilik.com\/index.php\/wp-json\/wp\/v2\/product_tag?post=10437"}],"curies":[{"name":"wp","href":"https:\/\/api.w.org\/{rel}","templated":true}]}}