{"id":10434,"date":"2024-10-28T01:04:40","date_gmt":"2024-10-27T22:04:40","guid":{"rendered":"https:\/\/kervanmagazacilik.com\/?post_type=product&#038;p=10434"},"modified":"2024-10-28T01:04:40","modified_gmt":"2024-10-27T22:04:40","slug":"671add000059","status":"publish","type":"product","link":"https:\/\/kervanmagazacilik.com\/index.php\/urun\/671add000059\/","title":{"rendered":"671ADD000059"},"content":{"rendered":"<p>671ADD000059<\/p>\n<p>FOCUS TABAK PEMBE 22.5&#215;2.5cm(5648)<\/p>\n<p>Bula\u015f\u0131k makinas\u0131nda y\u0131kanmamal\u0131d\u0131r.<br \/>\nElde yumu\u015fak bir s\u00fcnger ve \u0131l\u0131k su ile temizlenmelidir.<\/p>\n","protected":false},"excerpt":{"rendered":"<p>671ADD000059 FOCUS TABAK PEMBE 22.5&#215;2.5cm(5648) Bula\u015f\u0131k makinas\u0131nda y\u0131kanmamal\u0131d\u0131r. Elde yumu\u015fak bir s\u00fcnger ve \u0131l\u0131k su ile temizlenmelidir.<\/p>\n","protected":false},"featured_media":10435,"template":"","meta":[],"product_brand":[],"product_cat":[167],"product_tag":[2262],"class_list":{"0":"post-10434","1":"product","2":"type-product","3":"status-publish","4":"has-post-thumbnail","6":"product_cat-671add","7":"product_tag-671add000059","9":"first","10":"instock","11":"taxable","12":"shipping-taxable","13":"product-type-simple"},"_links":{"self":[{"href":"https:\/\/kervanmagazacilik.com\/index.php\/wp-json\/wp\/v2\/product\/10434","targetHints":{"allow":["GET"]}}],"collection":[{"href":"https:\/\/kervanmagazacilik.com\/index.php\/wp-json\/wp\/v2\/product"}],"about":[{"href":"https:\/\/kervanmagazacilik.com\/index.php\/wp-json\/wp\/v2\/types\/product"}],"wp:featuredmedia":[{"embeddable":true,"href":"https:\/\/kervanmagazacilik.com\/index.php\/wp-json\/wp\/v2\/media\/10435"}],"wp:attachment":[{"href":"https:\/\/kervanmagazacilik.com\/index.php\/wp-json\/wp\/v2\/media?parent=10434"}],"wp:term":[{"taxonomy":"product_brand","embeddable":true,"href":"https:\/\/kervanmagazacilik.com\/index.php\/wp-json\/wp\/v2\/product_brand?post=10434"},{"taxonomy":"product_cat","embeddable":true,"href":"https:\/\/kervanmagazacilik.com\/index.php\/wp-json\/wp\/v2\/product_cat?post=10434"},{"taxonomy":"product_tag","embeddable":true,"href":"https:\/\/kervanmagazacilik.com\/index.php\/wp-json\/wp\/v2\/product_tag?post=10434"}],"curies":[{"name":"wp","href":"https:\/\/api.w.org\/{rel}","templated":true}]}}