{"id":10430,"date":"2024-10-28T01:01:46","date_gmt":"2024-10-27T22:01:46","guid":{"rendered":"https:\/\/kervanmagazacilik.com\/?post_type=product&#038;p=10430"},"modified":"2024-10-28T01:01:47","modified_gmt":"2024-10-27T22:01:47","slug":"671add000058","status":"publish","type":"product","link":"https:\/\/kervanmagazacilik.com\/index.php\/urun\/671add000058\/","title":{"rendered":"671ADD000058"},"content":{"rendered":"<p>671ADD000058<\/p>\n<p>FOCUS KASE PEMBE 16.5&#215;5.3cm(6348)<\/p>\n<p>Bula\u015f\u0131k makinas\u0131nda y\u0131kanmamal\u0131d\u0131r.<br \/>\nElde yumu\u015fak bir s\u00fcnger ve \u0131l\u0131k su ile temizlenmelidir.<\/p>\n","protected":false},"excerpt":{"rendered":"<p>671ADD000058 FOCUS KASE PEMBE 16.5&#215;5.3cm(6348) Bula\u015f\u0131k makinas\u0131nda y\u0131kanmamal\u0131d\u0131r. Elde yumu\u015fak bir s\u00fcnger ve \u0131l\u0131k su ile temizlenmelidir.<\/p>\n","protected":false},"featured_media":10431,"template":"","meta":[],"product_brand":[],"product_cat":[167],"product_tag":[2261],"class_list":{"0":"post-10430","1":"product","2":"type-product","3":"status-publish","4":"has-post-thumbnail","6":"product_cat-671add","7":"product_tag-671add000058","9":"first","10":"instock","11":"taxable","12":"shipping-taxable","13":"product-type-simple"},"_links":{"self":[{"href":"https:\/\/kervanmagazacilik.com\/index.php\/wp-json\/wp\/v2\/product\/10430","targetHints":{"allow":["GET"]}}],"collection":[{"href":"https:\/\/kervanmagazacilik.com\/index.php\/wp-json\/wp\/v2\/product"}],"about":[{"href":"https:\/\/kervanmagazacilik.com\/index.php\/wp-json\/wp\/v2\/types\/product"}],"wp:featuredmedia":[{"embeddable":true,"href":"https:\/\/kervanmagazacilik.com\/index.php\/wp-json\/wp\/v2\/media\/10431"}],"wp:attachment":[{"href":"https:\/\/kervanmagazacilik.com\/index.php\/wp-json\/wp\/v2\/media?parent=10430"}],"wp:term":[{"taxonomy":"product_brand","embeddable":true,"href":"https:\/\/kervanmagazacilik.com\/index.php\/wp-json\/wp\/v2\/product_brand?post=10430"},{"taxonomy":"product_cat","embeddable":true,"href":"https:\/\/kervanmagazacilik.com\/index.php\/wp-json\/wp\/v2\/product_cat?post=10430"},{"taxonomy":"product_tag","embeddable":true,"href":"https:\/\/kervanmagazacilik.com\/index.php\/wp-json\/wp\/v2\/product_tag?post=10430"}],"curies":[{"name":"wp","href":"https:\/\/api.w.org\/{rel}","templated":true}]}}