{"id":10377,"date":"2024-10-27T01:30:46","date_gmt":"2024-10-26T22:30:46","guid":{"rendered":"https:\/\/kervanmagazacilik.com\/?post_type=product&#038;p=10377"},"modified":"2024-10-27T01:30:47","modified_gmt":"2024-10-26T22:30:47","slug":"671acc000070","status":"publish","type":"product","link":"https:\/\/kervanmagazacilik.com\/index.php\/urun\/671acc000070\/","title":{"rendered":"671ACC000070"},"content":{"rendered":"<p>671ACC000070<\/p>\n<p>NAZENDE 26cm DER\u0130N KASE GOLD (14426)<\/p>\n<p>\u00dcr\u00fcn materyali; camd\u0131r.<br \/>\nBula\u015f\u0131k makinesinde y\u0131kanmamal\u0131d\u0131r.<br \/>\nElde, yumu\u015fak bir s\u00fcnger ve \u0131l\u0131k su ile temizlenmelidir.<\/p>\n","protected":false},"excerpt":{"rendered":"<p>671ACC000070 NAZENDE 26cm DER\u0130N KASE GOLD (14426) \u00dcr\u00fcn materyali; camd\u0131r. Bula\u015f\u0131k makinesinde y\u0131kanmamal\u0131d\u0131r. Elde, yumu\u015fak bir s\u00fcnger ve \u0131l\u0131k su ile temizlenmelidir.<\/p>\n","protected":false},"featured_media":10378,"template":"","meta":[],"product_brand":[],"product_cat":[166],"product_tag":[2248],"class_list":{"0":"post-10377","1":"product","2":"type-product","3":"status-publish","4":"has-post-thumbnail","6":"product_cat-671acc","7":"product_tag-671acc000070","9":"first","10":"instock","11":"taxable","12":"shipping-taxable","13":"product-type-simple"},"_links":{"self":[{"href":"https:\/\/kervanmagazacilik.com\/index.php\/wp-json\/wp\/v2\/product\/10377","targetHints":{"allow":["GET"]}}],"collection":[{"href":"https:\/\/kervanmagazacilik.com\/index.php\/wp-json\/wp\/v2\/product"}],"about":[{"href":"https:\/\/kervanmagazacilik.com\/index.php\/wp-json\/wp\/v2\/types\/product"}],"wp:featuredmedia":[{"embeddable":true,"href":"https:\/\/kervanmagazacilik.com\/index.php\/wp-json\/wp\/v2\/media\/10378"}],"wp:attachment":[{"href":"https:\/\/kervanmagazacilik.com\/index.php\/wp-json\/wp\/v2\/media?parent=10377"}],"wp:term":[{"taxonomy":"product_brand","embeddable":true,"href":"https:\/\/kervanmagazacilik.com\/index.php\/wp-json\/wp\/v2\/product_brand?post=10377"},{"taxonomy":"product_cat","embeddable":true,"href":"https:\/\/kervanmagazacilik.com\/index.php\/wp-json\/wp\/v2\/product_cat?post=10377"},{"taxonomy":"product_tag","embeddable":true,"href":"https:\/\/kervanmagazacilik.com\/index.php\/wp-json\/wp\/v2\/product_tag?post=10377"}],"curies":[{"name":"wp","href":"https:\/\/api.w.org\/{rel}","templated":true}]}}