{"id":10370,"date":"2024-10-24T15:27:19","date_gmt":"2024-10-24T12:27:19","guid":{"rendered":"https:\/\/kervanmagazacilik.com\/?post_type=product&#038;p=10370"},"modified":"2025-01-08T17:43:54","modified_gmt":"2025-01-08T14:43:54","slug":"611pym000110","status":"publish","type":"product","link":"https:\/\/kervanmagazacilik.com\/index.php\/urun\/611pym000110\/","title":{"rendered":"611PYM000110"},"content":{"rendered":"<p>611PYM000110<\/p>\n<p>EL\u0130ZABETH D\u00d6RTL\u00dc KOLTUK KREM 100x340x68cm<\/p>\n<p>KUMA\u015e B\u0130LG\u0130S\u0130;<\/p>\n<p>%65 KOTON %9 V\u0130SKON %9 L\u0130NEN %18 POLYESTER<\/p>\n<p>KURU TEM\u0130ZLEME YAPILAB\u0130L\u0130R ELDE YIKAMA VE S\u0130LME YAPILAMAZ.<\/p>\n","protected":false},"excerpt":{"rendered":"<p>611PYM000110 EL\u0130ZABETH D\u00d6RTL\u00dc KOLTUK KREM 100x340x68cm KUMA\u015e B\u0130LG\u0130S\u0130; %65 KOTON %9 V\u0130SKON %9 L\u0130NEN %18 POLYESTER KURU TEM\u0130ZLEME YAPILAB\u0130L\u0130R ELDE YIKAMA VE S\u0130LME YAPILAMAZ.<\/p>\n","protected":false},"featured_media":10371,"template":"","meta":[],"product_brand":[],"product_cat":[73],"product_tag":[2247],"class_list":{"0":"post-10370","1":"product","2":"type-product","3":"status-publish","4":"has-post-thumbnail","6":"product_cat-611pym","7":"product_tag-611pym000110","9":"first","10":"instock","11":"taxable","12":"shipping-taxable","13":"product-type-simple"},"_links":{"self":[{"href":"https:\/\/kervanmagazacilik.com\/index.php\/wp-json\/wp\/v2\/product\/10370","targetHints":{"allow":["GET"]}}],"collection":[{"href":"https:\/\/kervanmagazacilik.com\/index.php\/wp-json\/wp\/v2\/product"}],"about":[{"href":"https:\/\/kervanmagazacilik.com\/index.php\/wp-json\/wp\/v2\/types\/product"}],"wp:featuredmedia":[{"embeddable":true,"href":"https:\/\/kervanmagazacilik.com\/index.php\/wp-json\/wp\/v2\/media\/10371"}],"wp:attachment":[{"href":"https:\/\/kervanmagazacilik.com\/index.php\/wp-json\/wp\/v2\/media?parent=10370"}],"wp:term":[{"taxonomy":"product_brand","embeddable":true,"href":"https:\/\/kervanmagazacilik.com\/index.php\/wp-json\/wp\/v2\/product_brand?post=10370"},{"taxonomy":"product_cat","embeddable":true,"href":"https:\/\/kervanmagazacilik.com\/index.php\/wp-json\/wp\/v2\/product_cat?post=10370"},{"taxonomy":"product_tag","embeddable":true,"href":"https:\/\/kervanmagazacilik.com\/index.php\/wp-json\/wp\/v2\/product_tag?post=10370"}],"curies":[{"name":"wp","href":"https:\/\/api.w.org\/{rel}","templated":true}]}}