{"id":10329,"date":"2024-10-24T15:17:48","date_gmt":"2024-10-24T12:17:48","guid":{"rendered":"https:\/\/kervanmagazacilik.com\/?post_type=product&#038;p=10329"},"modified":"2025-01-08T17:43:55","modified_gmt":"2025-01-08T14:43:55","slug":"611pym000060","status":"publish","type":"product","link":"https:\/\/kervanmagazacilik.com\/index.php\/urun\/611pym000060\/","title":{"rendered":"611PYM000060"},"content":{"rendered":"<p>611PYM000060<\/p>\n<p>MORRISEY \u00dc\u00c7L\u00dc KOLTUK V\u0130ZON xxcm PAVIA (2301.1A.03)<\/p>\n<p>% 100 POLYESTER<\/p>\n<p>SADECE KURU TEM\u0130ZLEME YAPILMALIDIR.<\/p>\n","protected":false},"excerpt":{"rendered":"<p>611PYM000060 MORRISEY \u00dc\u00c7L\u00dc KOLTUK V\u0130ZON xxcm PAVIA (2301.1A.03) % 100 POLYESTER SADECE KURU TEM\u0130ZLEME YAPILMALIDIR.<\/p>\n","protected":false},"featured_media":10330,"template":"","meta":[],"product_brand":[],"product_cat":[73],"product_tag":[2241],"class_list":{"0":"post-10329","1":"product","2":"type-product","3":"status-publish","4":"has-post-thumbnail","6":"product_cat-611pym","7":"product_tag-611pym000060","9":"first","10":"instock","11":"taxable","12":"shipping-taxable","13":"product-type-simple"},"_links":{"self":[{"href":"https:\/\/kervanmagazacilik.com\/index.php\/wp-json\/wp\/v2\/product\/10329","targetHints":{"allow":["GET"]}}],"collection":[{"href":"https:\/\/kervanmagazacilik.com\/index.php\/wp-json\/wp\/v2\/product"}],"about":[{"href":"https:\/\/kervanmagazacilik.com\/index.php\/wp-json\/wp\/v2\/types\/product"}],"wp:featuredmedia":[{"embeddable":true,"href":"https:\/\/kervanmagazacilik.com\/index.php\/wp-json\/wp\/v2\/media\/10330"}],"wp:attachment":[{"href":"https:\/\/kervanmagazacilik.com\/index.php\/wp-json\/wp\/v2\/media?parent=10329"}],"wp:term":[{"taxonomy":"product_brand","embeddable":true,"href":"https:\/\/kervanmagazacilik.com\/index.php\/wp-json\/wp\/v2\/product_brand?post=10329"},{"taxonomy":"product_cat","embeddable":true,"href":"https:\/\/kervanmagazacilik.com\/index.php\/wp-json\/wp\/v2\/product_cat?post=10329"},{"taxonomy":"product_tag","embeddable":true,"href":"https:\/\/kervanmagazacilik.com\/index.php\/wp-json\/wp\/v2\/product_tag?post=10329"}],"curies":[{"name":"wp","href":"https:\/\/api.w.org\/{rel}","templated":true}]}}