{"id":10321,"date":"2024-10-23T09:08:24","date_gmt":"2024-10-23T06:08:24","guid":{"rendered":"https:\/\/kervanmagazacilik.com\/?post_type=product&#038;p=10321"},"modified":"2024-12-09T16:04:32","modified_gmt":"2024-12-09T13:04:32","slug":"759trp000004","status":"publish","type":"product","link":"https:\/\/kervanmagazacilik.com\/index.php\/urun\/759trp000004\/","title":{"rendered":"759TRP000004"},"content":{"rendered":"<p>759TRP000004<\/p>\n<p>VAZO K\u00dc\u00c7\u00dcK 27x27x30cm VS &#8211; SX2030<\/p>\n<p>&nbsp;<\/p>\n","protected":false},"excerpt":{"rendered":"<p>759TRP000004 VAZO K\u00dc\u00c7\u00dcK 27x27x30cm VS &#8211; SX2030 &nbsp;<\/p>\n","protected":false},"featured_media":10322,"template":"","meta":[],"product_brand":[],"product_cat":[2233],"product_tag":[2237],"class_list":{"0":"post-10321","1":"product","2":"type-product","3":"status-publish","4":"has-post-thumbnail","6":"product_cat-759trp","7":"product_tag-759trp000004","9":"first","10":"instock","11":"taxable","12":"shipping-taxable","13":"product-type-simple"},"_links":{"self":[{"href":"https:\/\/kervanmagazacilik.com\/index.php\/wp-json\/wp\/v2\/product\/10321","targetHints":{"allow":["GET"]}}],"collection":[{"href":"https:\/\/kervanmagazacilik.com\/index.php\/wp-json\/wp\/v2\/product"}],"about":[{"href":"https:\/\/kervanmagazacilik.com\/index.php\/wp-json\/wp\/v2\/types\/product"}],"wp:featuredmedia":[{"embeddable":true,"href":"https:\/\/kervanmagazacilik.com\/index.php\/wp-json\/wp\/v2\/media\/10322"}],"wp:attachment":[{"href":"https:\/\/kervanmagazacilik.com\/index.php\/wp-json\/wp\/v2\/media?parent=10321"}],"wp:term":[{"taxonomy":"product_brand","embeddable":true,"href":"https:\/\/kervanmagazacilik.com\/index.php\/wp-json\/wp\/v2\/product_brand?post=10321"},{"taxonomy":"product_cat","embeddable":true,"href":"https:\/\/kervanmagazacilik.com\/index.php\/wp-json\/wp\/v2\/product_cat?post=10321"},{"taxonomy":"product_tag","embeddable":true,"href":"https:\/\/kervanmagazacilik.com\/index.php\/wp-json\/wp\/v2\/product_tag?post=10321"}],"curies":[{"name":"wp","href":"https:\/\/api.w.org\/{rel}","templated":true}]}}