{"id":10318,"date":"2024-10-23T09:07:16","date_gmt":"2024-10-23T06:07:16","guid":{"rendered":"https:\/\/kervanmagazacilik.com\/?post_type=product&#038;p=10318"},"modified":"2024-12-09T16:04:34","modified_gmt":"2024-12-09T13:04:34","slug":"759trp000003","status":"publish","type":"product","link":"https:\/\/kervanmagazacilik.com\/index.php\/urun\/759trp000003\/","title":{"rendered":"759TRP000003"},"content":{"rendered":"<p>759TRP000003<\/p>\n<p>R\u0130CC\u0130 VAZO 22x25x40cm PS &#8211; RCI21<\/p>\n<p>Geri D\u00f6n\u00fc\u015ft\u00fcr\u00fclm\u00fc\u015f Tik A\u011fac\u0131 K\u00f6k\u00fc<\/p>\n<p>*Gerekli g\u00f6r\u00fcld\u00fc\u011f\u00fc takdirde ah\u015fap alanlar\u0131 temizlemek i\u00e7in hafif nemli bir bez kullanarak nokta temizli\u011fi yap\u0131n, ard\u0131ndan hemen kurulay\u0131n.<br \/>\n*G\u00fc\u00e7l\u00fc temizlik maddeleri veya a\u015f\u0131nd\u0131r\u0131c\u0131lar kullanmay\u0131n.<br \/>\n*Direkt olarak g\u00fcne\u015f \u0131\u015f\u0131\u011f\u0131na, a\u015f\u0131r\u0131 s\u0131ca\u011fa veya so\u011fu\u011fa maruz b\u0131rakmay\u0131n.<\/p>\n","protected":false},"excerpt":{"rendered":"<p>759TRP000003 R\u0130CC\u0130 VAZO 22x25x40cm PS &#8211; RCI21 Geri D\u00f6n\u00fc\u015ft\u00fcr\u00fclm\u00fc\u015f Tik A\u011fac\u0131 K\u00f6k\u00fc *Gerekli g\u00f6r\u00fcld\u00fc\u011f\u00fc takdirde ah\u015fap alanlar\u0131 temizlemek i\u00e7in hafif nemli bir bez kullanarak nokta temizli\u011fi yap\u0131n, ard\u0131ndan hemen kurulay\u0131n. *G\u00fc\u00e7l\u00fc temizlik maddeleri veya a\u015f\u0131nd\u0131r\u0131c\u0131lar kullanmay\u0131n. *Direkt olarak g\u00fcne\u015f \u0131\u015f\u0131\u011f\u0131na, a\u015f\u0131r\u0131 s\u0131ca\u011fa veya so\u011fu\u011fa maruz b\u0131rakmay\u0131n.<\/p>\n","protected":false},"featured_media":10319,"template":"","meta":[],"product_brand":[],"product_cat":[2233],"product_tag":[2236],"class_list":{"0":"post-10318","1":"product","2":"type-product","3":"status-publish","4":"has-post-thumbnail","6":"product_cat-759trp","7":"product_tag-759trp000003","9":"first","10":"instock","11":"taxable","12":"shipping-taxable","13":"product-type-simple"},"_links":{"self":[{"href":"https:\/\/kervanmagazacilik.com\/index.php\/wp-json\/wp\/v2\/product\/10318","targetHints":{"allow":["GET"]}}],"collection":[{"href":"https:\/\/kervanmagazacilik.com\/index.php\/wp-json\/wp\/v2\/product"}],"about":[{"href":"https:\/\/kervanmagazacilik.com\/index.php\/wp-json\/wp\/v2\/types\/product"}],"wp:featuredmedia":[{"embeddable":true,"href":"https:\/\/kervanmagazacilik.com\/index.php\/wp-json\/wp\/v2\/media\/10319"}],"wp:attachment":[{"href":"https:\/\/kervanmagazacilik.com\/index.php\/wp-json\/wp\/v2\/media?parent=10318"}],"wp:term":[{"taxonomy":"product_brand","embeddable":true,"href":"https:\/\/kervanmagazacilik.com\/index.php\/wp-json\/wp\/v2\/product_brand?post=10318"},{"taxonomy":"product_cat","embeddable":true,"href":"https:\/\/kervanmagazacilik.com\/index.php\/wp-json\/wp\/v2\/product_cat?post=10318"},{"taxonomy":"product_tag","embeddable":true,"href":"https:\/\/kervanmagazacilik.com\/index.php\/wp-json\/wp\/v2\/product_tag?post=10318"}],"curies":[{"name":"wp","href":"https:\/\/api.w.org\/{rel}","templated":true}]}}