{"id":10220,"date":"2024-10-20T05:46:24","date_gmt":"2024-10-20T02:46:24","guid":{"rendered":"https:\/\/kervanmagazacilik.com\/?post_type=product&#038;p=10220"},"modified":"2024-10-20T05:46:24","modified_gmt":"2024-10-20T02:46:24","slug":"671acc000054","status":"publish","type":"product","link":"https:\/\/kervanmagazacilik.com\/index.php\/urun\/671acc000054\/","title":{"rendered":"671ACC000054"},"content":{"rendered":"<p>671ACC000054<\/p>\n<p>PAVOS 30cm MEYVELIK (17089)<\/p>\n<p>\u00dcr\u00fcn materyali; camd\u0131r.<br \/>\nBula\u015f\u0131k makinesinde y\u0131kanmamal\u0131d\u0131r.<br \/>\nElde, yumu\u015fak bir s\u00fcnger ve \u0131l\u0131k su ile temizlenmelidir.<\/p>\n","protected":false},"excerpt":{"rendered":"<p>671ACC000054 PAVOS 30cm MEYVELIK (17089) \u00dcr\u00fcn materyali; camd\u0131r. Bula\u015f\u0131k makinesinde y\u0131kanmamal\u0131d\u0131r. Elde, yumu\u015fak bir s\u00fcnger ve \u0131l\u0131k su ile temizlenmelidir.<\/p>\n","protected":false},"featured_media":10221,"template":"","meta":[],"product_brand":[],"product_cat":[166],"product_tag":[2208],"class_list":{"0":"post-10220","1":"product","2":"type-product","3":"status-publish","4":"has-post-thumbnail","6":"product_cat-671acc","7":"product_tag-671acc000054","9":"first","10":"instock","11":"taxable","12":"shipping-taxable","13":"product-type-simple"},"_links":{"self":[{"href":"https:\/\/kervanmagazacilik.com\/index.php\/wp-json\/wp\/v2\/product\/10220","targetHints":{"allow":["GET"]}}],"collection":[{"href":"https:\/\/kervanmagazacilik.com\/index.php\/wp-json\/wp\/v2\/product"}],"about":[{"href":"https:\/\/kervanmagazacilik.com\/index.php\/wp-json\/wp\/v2\/types\/product"}],"wp:featuredmedia":[{"embeddable":true,"href":"https:\/\/kervanmagazacilik.com\/index.php\/wp-json\/wp\/v2\/media\/10221"}],"wp:attachment":[{"href":"https:\/\/kervanmagazacilik.com\/index.php\/wp-json\/wp\/v2\/media?parent=10220"}],"wp:term":[{"taxonomy":"product_brand","embeddable":true,"href":"https:\/\/kervanmagazacilik.com\/index.php\/wp-json\/wp\/v2\/product_brand?post=10220"},{"taxonomy":"product_cat","embeddable":true,"href":"https:\/\/kervanmagazacilik.com\/index.php\/wp-json\/wp\/v2\/product_cat?post=10220"},{"taxonomy":"product_tag","embeddable":true,"href":"https:\/\/kervanmagazacilik.com\/index.php\/wp-json\/wp\/v2\/product_tag?post=10220"}],"curies":[{"name":"wp","href":"https:\/\/api.w.org\/{rel}","templated":true}]}}