{"id":10182,"date":"2024-10-20T04:10:59","date_gmt":"2024-10-20T01:10:59","guid":{"rendered":"https:\/\/kervanmagazacilik.com\/?post_type=product&#038;p=10182"},"modified":"2024-10-20T04:10:59","modified_gmt":"2024-10-20T01:10:59","slug":"671acc000023","status":"publish","type":"product","link":"https:\/\/kervanmagazacilik.com\/index.php\/urun\/671acc000023\/","title":{"rendered":"671ACC000023"},"content":{"rendered":"<p>671ACC000023<\/p>\n<p>ROSAS MEYVELIK KREM 30cm(19971)<\/p>\n<p>Bula\u015f\u0131k makinas\u0131nda y\u0131kanmamal\u0131d\u0131r.<br \/>\nElde yumu\u015fak bir s\u00fcnger ve \u0131l\u0131k su ile temizlenmelidir.<\/p>\n<p>&nbsp;<\/p>\n","protected":false},"excerpt":{"rendered":"<p>671ACC000023 ROSAS MEYVELIK KREM 30cm(19971) Bula\u015f\u0131k makinas\u0131nda y\u0131kanmamal\u0131d\u0131r. Elde yumu\u015fak bir s\u00fcnger ve \u0131l\u0131k su ile temizlenmelidir. &nbsp;<\/p>\n","protected":false},"featured_media":10183,"template":"","meta":[],"product_brand":[],"product_cat":[166],"product_tag":[2198],"class_list":{"0":"post-10182","1":"product","2":"type-product","3":"status-publish","4":"has-post-thumbnail","6":"product_cat-671acc","7":"product_tag-671acc000023","9":"first","10":"instock","11":"taxable","12":"shipping-taxable","13":"product-type-simple"},"_links":{"self":[{"href":"https:\/\/kervanmagazacilik.com\/index.php\/wp-json\/wp\/v2\/product\/10182","targetHints":{"allow":["GET"]}}],"collection":[{"href":"https:\/\/kervanmagazacilik.com\/index.php\/wp-json\/wp\/v2\/product"}],"about":[{"href":"https:\/\/kervanmagazacilik.com\/index.php\/wp-json\/wp\/v2\/types\/product"}],"wp:featuredmedia":[{"embeddable":true,"href":"https:\/\/kervanmagazacilik.com\/index.php\/wp-json\/wp\/v2\/media\/10183"}],"wp:attachment":[{"href":"https:\/\/kervanmagazacilik.com\/index.php\/wp-json\/wp\/v2\/media?parent=10182"}],"wp:term":[{"taxonomy":"product_brand","embeddable":true,"href":"https:\/\/kervanmagazacilik.com\/index.php\/wp-json\/wp\/v2\/product_brand?post=10182"},{"taxonomy":"product_cat","embeddable":true,"href":"https:\/\/kervanmagazacilik.com\/index.php\/wp-json\/wp\/v2\/product_cat?post=10182"},{"taxonomy":"product_tag","embeddable":true,"href":"https:\/\/kervanmagazacilik.com\/index.php\/wp-json\/wp\/v2\/product_tag?post=10182"}],"curies":[{"name":"wp","href":"https:\/\/api.w.org\/{rel}","templated":true}]}}