{"id":10136,"date":"2024-10-20T02:17:49","date_gmt":"2024-10-19T23:17:49","guid":{"rendered":"https:\/\/kervanmagazacilik.com\/?post_type=product&#038;p=10136"},"modified":"2024-10-20T02:17:49","modified_gmt":"2024-10-19T23:17:49","slug":"611artf43121-2","status":"publish","type":"product","link":"https:\/\/kervanmagazacilik.com\/index.php\/urun\/611artf43121-2\/","title":{"rendered":"611ARTF43121"},"content":{"rendered":"<p>611ARTF43121<\/p>\n<p>OLD WORLD AYNA 10x121x135cm 43121<\/p>\n<p>K\u0131sa Ad :<br \/>\n\u00d6zel Not :<br \/>\nUzun Not : Monteri \u00c7am\u0131<br \/>\nMonteri \u00c7am\u0131 a\u011f\u0131rl\u0131kl\u0131 olarak Avusturalya da yeti\u015fmekte olup Arjantin ve G\u00fcney Afrikada da g\u00f6r\u00fclmektedir.<br \/>\nStok A\u00e7\u0131klamalar\u0131 : A\u00e7yklama1 : Monteri \u00c7am\u0131<br \/>\nA\u00e7yklama9 : AMER\u0130KAN MARKASI, \u00c7\u0130N MEN\u015eE\u0130L\u0130D\u0130R<br \/>\nA\u00e7yklama10 : KURU BEZLE TEM\u0130ZLEME YAPINIZ.<\/p>\n<p>&nbsp;<\/p>\n","protected":false},"excerpt":{"rendered":"<p>611ARTF43121 OLD WORLD AYNA 10x121x135cm 43121 K\u0131sa Ad : \u00d6zel Not : Uzun Not : Monteri \u00c7am\u0131 Monteri \u00c7am\u0131 a\u011f\u0131rl\u0131kl\u0131 olarak Avusturalya da yeti\u015fmekte olup Arjantin ve G\u00fcney Afrikada da g\u00f6r\u00fclmektedir. Stok A\u00e7\u0131klamalar\u0131 : A\u00e7yklama1 : Monteri \u00c7am\u0131 A\u00e7yklama9 : AMER\u0130KAN MARKASI, \u00c7\u0130N MEN\u015eE\u0130L\u0130D\u0130R A\u00e7yklama10 : KURU BEZLE TEM\u0130ZLEME YAPINIZ. &nbsp;<\/p>\n","protected":false},"featured_media":10137,"template":"","meta":[],"product_brand":[],"product_cat":[41],"product_tag":[1774],"class_list":{"0":"post-10136","1":"product","2":"type-product","3":"status-publish","4":"has-post-thumbnail","6":"product_cat-611artf","7":"product_tag-611artf43121","9":"first","10":"instock","11":"taxable","12":"shipping-taxable","13":"product-type-simple"},"_links":{"self":[{"href":"https:\/\/kervanmagazacilik.com\/index.php\/wp-json\/wp\/v2\/product\/10136","targetHints":{"allow":["GET"]}}],"collection":[{"href":"https:\/\/kervanmagazacilik.com\/index.php\/wp-json\/wp\/v2\/product"}],"about":[{"href":"https:\/\/kervanmagazacilik.com\/index.php\/wp-json\/wp\/v2\/types\/product"}],"wp:featuredmedia":[{"embeddable":true,"href":"https:\/\/kervanmagazacilik.com\/index.php\/wp-json\/wp\/v2\/media\/10137"}],"wp:attachment":[{"href":"https:\/\/kervanmagazacilik.com\/index.php\/wp-json\/wp\/v2\/media?parent=10136"}],"wp:term":[{"taxonomy":"product_brand","embeddable":true,"href":"https:\/\/kervanmagazacilik.com\/index.php\/wp-json\/wp\/v2\/product_brand?post=10136"},{"taxonomy":"product_cat","embeddable":true,"href":"https:\/\/kervanmagazacilik.com\/index.php\/wp-json\/wp\/v2\/product_cat?post=10136"},{"taxonomy":"product_tag","embeddable":true,"href":"https:\/\/kervanmagazacilik.com\/index.php\/wp-json\/wp\/v2\/product_tag?post=10136"}],"curies":[{"name":"wp","href":"https:\/\/api.w.org\/{rel}","templated":true}]}}