{"id":10114,"date":"2024-10-20T01:49:40","date_gmt":"2024-10-19T22:49:40","guid":{"rendered":"https:\/\/kervanmagazacilik.com\/?post_type=product&#038;p=10114"},"modified":"2024-10-20T01:49:40","modified_gmt":"2024-10-19T22:49:40","slug":"150hsh000936","status":"publish","type":"product","link":"https:\/\/kervanmagazacilik.com\/index.php\/urun\/150hsh000936\/","title":{"rendered":"150HSH000936"},"content":{"rendered":"<p>150HSH000936<\/p>\n<p>\u0130R\u0130NA BANYO SET PUDRA (SIVI SABUNLUK-DIS FIRCALIK-PAMUKLUK)<\/p>\n<p>MALZEME: CAM<\/p>\n<p>Di\u015f f\u0131r\u00e7al\u0131k :9,5&#215;11 cm<br \/>\ns\u0131v\u0131 sabunluk :7&#215;17 cm<br \/>\npamukluk :10&#215;14 cm<\/p>\n<p>\u00d6l\u00e7\u00fcler +\/- 5 cm de\u011fi\u015fkenlik g\u00f6sterebilir<\/p>\n","protected":false},"excerpt":{"rendered":"<p>150HSH000936 \u0130R\u0130NA BANYO SET PUDRA (SIVI SABUNLUK-DIS FIRCALIK-PAMUKLUK) MALZEME: CAM Di\u015f f\u0131r\u00e7al\u0131k :9,5&#215;11 cm s\u0131v\u0131 sabunluk :7&#215;17 cm pamukluk :10&#215;14 cm \u00d6l\u00e7\u00fcler +\/- 5 cm de\u011fi\u015fkenlik g\u00f6sterebilir<\/p>\n","protected":false},"featured_media":10115,"template":"","meta":[],"product_brand":[],"product_cat":[164],"product_tag":[2191],"class_list":{"0":"post-10114","1":"product","2":"type-product","3":"status-publish","4":"has-post-thumbnail","6":"product_cat-150hsh","7":"product_tag-150hsh000936","9":"first","10":"instock","11":"taxable","12":"shipping-taxable","13":"product-type-simple"},"_links":{"self":[{"href":"https:\/\/kervanmagazacilik.com\/index.php\/wp-json\/wp\/v2\/product\/10114","targetHints":{"allow":["GET"]}}],"collection":[{"href":"https:\/\/kervanmagazacilik.com\/index.php\/wp-json\/wp\/v2\/product"}],"about":[{"href":"https:\/\/kervanmagazacilik.com\/index.php\/wp-json\/wp\/v2\/types\/product"}],"wp:featuredmedia":[{"embeddable":true,"href":"https:\/\/kervanmagazacilik.com\/index.php\/wp-json\/wp\/v2\/media\/10115"}],"wp:attachment":[{"href":"https:\/\/kervanmagazacilik.com\/index.php\/wp-json\/wp\/v2\/media?parent=10114"}],"wp:term":[{"taxonomy":"product_brand","embeddable":true,"href":"https:\/\/kervanmagazacilik.com\/index.php\/wp-json\/wp\/v2\/product_brand?post=10114"},{"taxonomy":"product_cat","embeddable":true,"href":"https:\/\/kervanmagazacilik.com\/index.php\/wp-json\/wp\/v2\/product_cat?post=10114"},{"taxonomy":"product_tag","embeddable":true,"href":"https:\/\/kervanmagazacilik.com\/index.php\/wp-json\/wp\/v2\/product_tag?post=10114"}],"curies":[{"name":"wp","href":"https:\/\/api.w.org\/{rel}","templated":true}]}}