{"id":10087,"date":"2024-10-20T00:55:25","date_gmt":"2024-10-19T21:55:25","guid":{"rendered":"https:\/\/kervanmagazacilik.com\/?post_type=product&#038;p=10087"},"modified":"2024-10-20T00:55:25","modified_gmt":"2024-10-19T21:55:25","slug":"150hsh000927","status":"publish","type":"product","link":"https:\/\/kervanmagazacilik.com\/index.php\/urun\/150hsh000927\/","title":{"rendered":"150HSH000927"},"content":{"rendered":"<p>150HSH000927<\/p>\n<p>ROSE PERLA D\u0130\u015e FIR\u00c7ALIK<\/p>\n<p>Hafif nemli bezle silinebilir<\/p>\n","protected":false},"excerpt":{"rendered":"<p>150HSH000927 ROSE PERLA D\u0130\u015e FIR\u00c7ALIK Hafif nemli bezle silinebilir<\/p>\n","protected":false},"featured_media":10088,"template":"","meta":[],"product_brand":[],"product_cat":[164],"product_tag":[2186],"class_list":{"0":"post-10087","1":"product","2":"type-product","3":"status-publish","4":"has-post-thumbnail","6":"product_cat-150hsh","7":"product_tag-150hsh000927","9":"first","10":"instock","11":"taxable","12":"shipping-taxable","13":"product-type-simple"},"_links":{"self":[{"href":"https:\/\/kervanmagazacilik.com\/index.php\/wp-json\/wp\/v2\/product\/10087","targetHints":{"allow":["GET"]}}],"collection":[{"href":"https:\/\/kervanmagazacilik.com\/index.php\/wp-json\/wp\/v2\/product"}],"about":[{"href":"https:\/\/kervanmagazacilik.com\/index.php\/wp-json\/wp\/v2\/types\/product"}],"wp:featuredmedia":[{"embeddable":true,"href":"https:\/\/kervanmagazacilik.com\/index.php\/wp-json\/wp\/v2\/media\/10088"}],"wp:attachment":[{"href":"https:\/\/kervanmagazacilik.com\/index.php\/wp-json\/wp\/v2\/media?parent=10087"}],"wp:term":[{"taxonomy":"product_brand","embeddable":true,"href":"https:\/\/kervanmagazacilik.com\/index.php\/wp-json\/wp\/v2\/product_brand?post=10087"},{"taxonomy":"product_cat","embeddable":true,"href":"https:\/\/kervanmagazacilik.com\/index.php\/wp-json\/wp\/v2\/product_cat?post=10087"},{"taxonomy":"product_tag","embeddable":true,"href":"https:\/\/kervanmagazacilik.com\/index.php\/wp-json\/wp\/v2\/product_tag?post=10087"}],"curies":[{"name":"wp","href":"https:\/\/api.w.org\/{rel}","templated":true}]}}